{"id":108,"date":"2025-07-17T13:01:34","date_gmt":"2025-07-17T11:01:34","guid":{"rendered":"https:\/\/www.technoms.com\/?page_id=108"},"modified":"2025-11-20T14:12:37","modified_gmt":"2025-11-20T13:12:37","slug":"qui-suis-je","status":"publish","type":"page","link":"https:\/\/www.technoms.com\/index.php\/qui-suis-je\/","title":{"rendered":"Qui suis-je ?"},"content":{"rendered":"\t\t<div data-elementor-type=\"wp-page\" data-elementor-id=\"108\" class=\"elementor elementor-108\">\n\t\t\t\t<div class=\"elementor-element elementor-element-707cd12 e-con-full e-flex e-con e-parent\" data-id=\"707cd12\" data-element_type=\"container\">\n\t\t\t\t<div class=\"elementor-element elementor-element-f83d53d elementor-widget__width-initial elementor-widget elementor-widget-text-editor\" data-id=\"f83d53d\" data-element_type=\"widget\" data-widget_type=\"text-editor.default\">\n\t\t\t\t\t\t\t\t\t<p><strong>TechnoMS.com<\/strong> est une entreprise de services en informatique sp\u00e9cialis\u00e9e dans l&rsquo;accompagnement des entreprises dans leur transformation num\u00e9rique.<\/p>\n<p><!-- \/wp:paragraph --><!-- wp:paragraph --><\/p>\n<p>J&rsquo;interviens dans les domaines Cloud ou On-premises en vous conseillant et ou en prenant en main la r\u00e9alisation et l&rsquo;administration de votre service d&rsquo;information en m&rsquo;appuyant sur les technologies Microsoft que je maitrise gr\u00e2ce \u00e0 mes 30 ans d&rsquo;exp\u00e9rience. Vous pouvez consulter mes certifications en cliquant <span style=\"text-decoration: underline;\"><strong><a href=\"https:\/\/learn.microsoft.com\/fr-fr\/users\/florentdupont\/transcript\/v0xnjcllxnex8el\" target=\"_blank\" rel=\"noopener\">ici<\/a><\/strong><\/span><\/p>\n<p><!-- \/wp:paragraph --><!-- wp:paragraph --><\/p>\n<p>Je peux \u00e9galement vous former sur l&rsquo;utilisation de ces technologies.<\/p>\n<p>Apr\u00e8s avoir \u0153uvr\u00e9 plus de 30 ans pour une grande entreprise de formation, rest\u00e9e longtemps leader europ\u00e9en et Fran\u00e7ais dans son secteur, j\u2019ai souhait\u00e9 mettre \u00e0 profit mes comp\u00e9tences en vous les proposant.<\/p>\n<p>L&rsquo;une de mes passions est la plong\u00e9e sous-marine ! Aujourd&rsquo;hui je vous propose tout en restant au sec, de vous accompagner en profondeur mais de mani\u00e8re pragmatique sur les technologies Microsoft pour mettre en \u0153uvre ce dont vous avez besoin !<\/p>\t\t\t\t\t\t\t\t<\/div>\n\t\t\t\t<\/div>\n\t\t<div class=\"elementor-element elementor-element-fa7b715 e-flex e-con-boxed e-con e-parent\" data-id=\"fa7b715\" data-element_type=\"container\">\n\t\t\t\t\t<div class=\"e-con-inner\">\n\t\t\t\t<div class=\"elementor-element elementor-element-a1a41e6 elementor-absolute elementor-widget elementor-widget-image\" data-id=\"a1a41e6\" data-element_type=\"widget\" data-settings=\"{&quot;_position&quot;:&quot;absolute&quot;}\" data-widget_type=\"image.default\">\n\t\t\t\t\t\t\t\t\t\t\t\t\t\t\t<img fetchpriority=\"high\" decoding=\"async\" width=\"290\" height=\"344\" src=\"https:\/\/www.technoms.com\/wp-content\/uploads\/2025\/07\/image002.webp\" class=\"attachment-large size-large wp-image-131\" alt=\"\" srcset=\"https:\/\/www.technoms.com\/wp-content\/uploads\/2025\/07\/image002.webp 290w, https:\/\/www.technoms.com\/wp-content\/uploads\/2025\/07\/image002-253x300.webp 253w\" sizes=\"(max-width: 290px) 100vw, 290px\" \/>\t\t\t\t\t\t\t\t\t\t\t\t\t\t\t<\/div>\n\t\t\t\t\t<\/div>\n\t\t\t\t<\/div>\n\t\t\t\t<\/div>\n\t\t","protected":false},"excerpt":{"rendered":"<p>TechnoMS.com est une entreprise de services en informatique sp\u00e9cialis\u00e9e dans l&rsquo;accompagnement des entreprises dans leur transformation num\u00e9rique. J&rsquo;interviens dans les domaines Cloud ou On-premises en vous conseillant et ou en prenant en main la r\u00e9alisation et l&rsquo;administration de votre service d&rsquo;information en m&rsquo;appuyant sur les technologies Microsoft que je maitrise gr\u00e2ce \u00e0 mes 30 ans [&hellip;]<\/p>\n","protected":false},"author":1,"featured_media":0,"parent":0,"menu_order":0,"comment_status":"closed","ping_status":"closed","template":"","meta":{"footnotes":""},"class_list":["post-108","page","type-page","status-publish","hentry","entry"],"yoast_head":"<!-- This site is optimized with the Yoast SEO plugin v26.3 - https:\/\/yoast.com\/wordpress\/plugins\/seo\/ -->\n<title>Qui suis-je ? - Accompagnement sur les Technologies Microsoft<\/title>\n<meta name=\"robots\" content=\"index, follow, max-snippet:-1, max-image-preview:large, max-video-preview:-1\" \/>\n<link rel=\"canonical\" href=\"https:\/\/www.technoms.com\/index.php\/qui-suis-je\/\" \/>\n<meta property=\"og:locale\" content=\"fr_FR\" \/>\n<meta property=\"og:type\" content=\"article\" \/>\n<meta property=\"og:title\" content=\"Qui suis-je ? - Accompagnement sur les Technologies Microsoft\" \/>\n<meta property=\"og:description\" content=\"TechnoMS.com est une entreprise de services en informatique sp\u00e9cialis\u00e9e dans l&rsquo;accompagnement des entreprises dans leur transformation num\u00e9rique. J&rsquo;interviens dans les domaines Cloud ou On-premises en vous conseillant et ou en prenant en main la r\u00e9alisation et l&rsquo;administration de votre service d&rsquo;information en m&rsquo;appuyant sur les technologies Microsoft que je maitrise gr\u00e2ce \u00e0 mes 30 ans [&hellip;]\" \/>\n<meta property=\"og:url\" content=\"https:\/\/www.technoms.com\/index.php\/qui-suis-je\/\" \/>\n<meta property=\"og:site_name\" content=\"Accompagnement sur les Technologies Microsoft\" \/>\n<meta property=\"article:modified_time\" content=\"2025-11-20T13:12:37+00:00\" \/>\n<meta property=\"og:image\" content=\"https:\/\/www.technoms.com\/wp-content\/uploads\/2025\/07\/image002.webp\" \/>\n\t<meta property=\"og:image:width\" content=\"290\" \/>\n\t<meta property=\"og:image:height\" content=\"344\" \/>\n\t<meta property=\"og:image:type\" content=\"image\/webp\" \/>\n<meta name=\"twitter:card\" content=\"summary_large_image\" \/>\n<meta name=\"twitter:label1\" content=\"Dur\u00e9e de lecture estim\u00e9e\" \/>\n\t<meta name=\"twitter:data1\" content=\"1 minute\" \/>\n<script type=\"application\/ld+json\" class=\"yoast-schema-graph\">{\"@context\":\"https:\/\/schema.org\",\"@graph\":[{\"@type\":\"WebPage\",\"@id\":\"https:\/\/www.technoms.com\/index.php\/qui-suis-je\/\",\"url\":\"https:\/\/www.technoms.com\/index.php\/qui-suis-je\/\",\"name\":\"Qui suis-je ? - Accompagnement sur les Technologies Microsoft\",\"isPartOf\":{\"@id\":\"https:\/\/www.technoms.com\/#website\"},\"primaryImageOfPage\":{\"@id\":\"https:\/\/www.technoms.com\/index.php\/qui-suis-je\/#primaryimage\"},\"image\":{\"@id\":\"https:\/\/www.technoms.com\/index.php\/qui-suis-je\/#primaryimage\"},\"thumbnailUrl\":\"https:\/\/www.technoms.com\/wp-content\/uploads\/2025\/07\/image002.webp\",\"datePublished\":\"2025-07-17T11:01:34+00:00\",\"dateModified\":\"2025-11-20T13:12:37+00:00\",\"breadcrumb\":{\"@id\":\"https:\/\/www.technoms.com\/index.php\/qui-suis-je\/#breadcrumb\"},\"inLanguage\":\"fr-FR\",\"potentialAction\":[{\"@type\":\"ReadAction\",\"target\":[\"https:\/\/www.technoms.com\/index.php\/qui-suis-je\/\"]}]},{\"@type\":\"ImageObject\",\"inLanguage\":\"fr-FR\",\"@id\":\"https:\/\/www.technoms.com\/index.php\/qui-suis-je\/#primaryimage\",\"url\":\"https:\/\/www.technoms.com\/wp-content\/uploads\/2025\/07\/image002.webp\",\"contentUrl\":\"https:\/\/www.technoms.com\/wp-content\/uploads\/2025\/07\/image002.webp\",\"width\":290,\"height\":344},{\"@type\":\"BreadcrumbList\",\"@id\":\"https:\/\/www.technoms.com\/index.php\/qui-suis-je\/#breadcrumb\",\"itemListElement\":[{\"@type\":\"ListItem\",\"position\":1,\"name\":\"Accueil\",\"item\":\"https:\/\/www.technoms.com\/\"},{\"@type\":\"ListItem\",\"position\":2,\"name\":\"Qui suis-je ?\"}]},{\"@type\":\"WebSite\",\"@id\":\"https:\/\/www.technoms.com\/#website\",\"url\":\"https:\/\/www.technoms.com\/\",\"name\":\"Accompagnement sur les Technologies Microsoft\",\"description\":\"30 ans d\u2019exp\u00e9rience \u00e0 votre service\",\"publisher\":{\"@id\":\"https:\/\/www.technoms.com\/#organization\"},\"alternateName\":\"Technoms.com\",\"potentialAction\":[{\"@type\":\"SearchAction\",\"target\":{\"@type\":\"EntryPoint\",\"urlTemplate\":\"https:\/\/www.technoms.com\/?s={search_term_string}\"},\"query-input\":{\"@type\":\"PropertyValueSpecification\",\"valueRequired\":true,\"valueName\":\"search_term_string\"}}],\"inLanguage\":\"fr-FR\"},{\"@type\":\"Organization\",\"@id\":\"https:\/\/www.technoms.com\/#organization\",\"name\":\"Technoms.com\",\"url\":\"https:\/\/www.technoms.com\/\",\"logo\":{\"@type\":\"ImageObject\",\"inLanguage\":\"fr-FR\",\"@id\":\"https:\/\/www.technoms.com\/#\/schema\/logo\/image\/\",\"url\":\"https:\/\/www.technoms.com\/wp-content\/uploads\/2025\/06\/LogoCarre.png\",\"contentUrl\":\"https:\/\/www.technoms.com\/wp-content\/uploads\/2025\/06\/LogoCarre.png\",\"width\":122,\"height\":98,\"caption\":\"Technoms.com\"},\"image\":{\"@id\":\"https:\/\/www.technoms.com\/#\/schema\/logo\/image\/\"},\"sameAs\":[\"https:\/\/www.linkedin.com\/in\/florentdupont38\/\"]}]}<\/script>\n<!-- \/ Yoast SEO plugin. -->","yoast_head_json":{"title":"Qui suis-je ? - Accompagnement sur les Technologies Microsoft","robots":{"index":"index","follow":"follow","max-snippet":"max-snippet:-1","max-image-preview":"max-image-preview:large","max-video-preview":"max-video-preview:-1"},"canonical":"https:\/\/www.technoms.com\/index.php\/qui-suis-je\/","og_locale":"fr_FR","og_type":"article","og_title":"Qui suis-je ? - Accompagnement sur les Technologies Microsoft","og_description":"TechnoMS.com est une entreprise de services en informatique sp\u00e9cialis\u00e9e dans l&rsquo;accompagnement des entreprises dans leur transformation num\u00e9rique. J&rsquo;interviens dans les domaines Cloud ou On-premises en vous conseillant et ou en prenant en main la r\u00e9alisation et l&rsquo;administration de votre service d&rsquo;information en m&rsquo;appuyant sur les technologies Microsoft que je maitrise gr\u00e2ce \u00e0 mes 30 ans [&hellip;]","og_url":"https:\/\/www.technoms.com\/index.php\/qui-suis-je\/","og_site_name":"Accompagnement sur les Technologies Microsoft","article_modified_time":"2025-11-20T13:12:37+00:00","og_image":[{"width":290,"height":344,"url":"https:\/\/www.technoms.com\/wp-content\/uploads\/2025\/07\/image002.webp","type":"image\/webp"}],"twitter_card":"summary_large_image","twitter_misc":{"Dur\u00e9e de lecture estim\u00e9e":"1 minute"},"schema":{"@context":"https:\/\/schema.org","@graph":[{"@type":"WebPage","@id":"https:\/\/www.technoms.com\/index.php\/qui-suis-je\/","url":"https:\/\/www.technoms.com\/index.php\/qui-suis-je\/","name":"Qui suis-je ? - Accompagnement sur les Technologies Microsoft","isPartOf":{"@id":"https:\/\/www.technoms.com\/#website"},"primaryImageOfPage":{"@id":"https:\/\/www.technoms.com\/index.php\/qui-suis-je\/#primaryimage"},"image":{"@id":"https:\/\/www.technoms.com\/index.php\/qui-suis-je\/#primaryimage"},"thumbnailUrl":"https:\/\/www.technoms.com\/wp-content\/uploads\/2025\/07\/image002.webp","datePublished":"2025-07-17T11:01:34+00:00","dateModified":"2025-11-20T13:12:37+00:00","breadcrumb":{"@id":"https:\/\/www.technoms.com\/index.php\/qui-suis-je\/#breadcrumb"},"inLanguage":"fr-FR","potentialAction":[{"@type":"ReadAction","target":["https:\/\/www.technoms.com\/index.php\/qui-suis-je\/"]}]},{"@type":"ImageObject","inLanguage":"fr-FR","@id":"https:\/\/www.technoms.com\/index.php\/qui-suis-je\/#primaryimage","url":"https:\/\/www.technoms.com\/wp-content\/uploads\/2025\/07\/image002.webp","contentUrl":"https:\/\/www.technoms.com\/wp-content\/uploads\/2025\/07\/image002.webp","width":290,"height":344},{"@type":"BreadcrumbList","@id":"https:\/\/www.technoms.com\/index.php\/qui-suis-je\/#breadcrumb","itemListElement":[{"@type":"ListItem","position":1,"name":"Accueil","item":"https:\/\/www.technoms.com\/"},{"@type":"ListItem","position":2,"name":"Qui suis-je ?"}]},{"@type":"WebSite","@id":"https:\/\/www.technoms.com\/#website","url":"https:\/\/www.technoms.com\/","name":"Accompagnement sur les Technologies Microsoft","description":"30 ans d\u2019exp\u00e9rience \u00e0 votre service","publisher":{"@id":"https:\/\/www.technoms.com\/#organization"},"alternateName":"Technoms.com","potentialAction":[{"@type":"SearchAction","target":{"@type":"EntryPoint","urlTemplate":"https:\/\/www.technoms.com\/?s={search_term_string}"},"query-input":{"@type":"PropertyValueSpecification","valueRequired":true,"valueName":"search_term_string"}}],"inLanguage":"fr-FR"},{"@type":"Organization","@id":"https:\/\/www.technoms.com\/#organization","name":"Technoms.com","url":"https:\/\/www.technoms.com\/","logo":{"@type":"ImageObject","inLanguage":"fr-FR","@id":"https:\/\/www.technoms.com\/#\/schema\/logo\/image\/","url":"https:\/\/www.technoms.com\/wp-content\/uploads\/2025\/06\/LogoCarre.png","contentUrl":"https:\/\/www.technoms.com\/wp-content\/uploads\/2025\/06\/LogoCarre.png","width":122,"height":98,"caption":"Technoms.com"},"image":{"@id":"https:\/\/www.technoms.com\/#\/schema\/logo\/image\/"},"sameAs":["https:\/\/www.linkedin.com\/in\/florentdupont38\/"]}]}},"_links":{"self":[{"href":"https:\/\/www.technoms.com\/index.php\/wp-json\/wp\/v2\/pages\/108","targetHints":{"allow":["GET"]}}],"collection":[{"href":"https:\/\/www.technoms.com\/index.php\/wp-json\/wp\/v2\/pages"}],"about":[{"href":"https:\/\/www.technoms.com\/index.php\/wp-json\/wp\/v2\/types\/page"}],"author":[{"embeddable":true,"href":"https:\/\/www.technoms.com\/index.php\/wp-json\/wp\/v2\/users\/1"}],"replies":[{"embeddable":true,"href":"https:\/\/www.technoms.com\/index.php\/wp-json\/wp\/v2\/comments?post=108"}],"version-history":[{"count":92,"href":"https:\/\/www.technoms.com\/index.php\/wp-json\/wp\/v2\/pages\/108\/revisions"}],"predecessor-version":[{"id":544,"href":"https:\/\/www.technoms.com\/index.php\/wp-json\/wp\/v2\/pages\/108\/revisions\/544"}],"wp:attachment":[{"href":"https:\/\/www.technoms.com\/index.php\/wp-json\/wp\/v2\/media?parent=108"}],"curies":[{"name":"wp","href":"https:\/\/api.w.org\/{rel}","templated":true}]}}