{"id":15,"date":"2025-06-26T13:03:36","date_gmt":"2025-06-26T11:03:36","guid":{"rendered":"http:\/\/192.168.1.9\/?page_id=15"},"modified":"2025-11-06T18:30:39","modified_gmt":"2025-11-06T17:30:39","slug":"accueil","status":"publish","type":"page","link":"https:\/\/www.technoms.com\/","title":{"rendered":"30 ans d\u2019exp\u00e9rience \u00e0 votre service"},"content":{"rendered":"\t\t<div data-elementor-type=\"wp-page\" data-elementor-id=\"15\" class=\"elementor elementor-15\">\n\t\t\t\t<div class=\"elementor-element elementor-element-0658d2c e-con-full e-flex e-con e-parent\" data-id=\"0658d2c\" data-element_type=\"container\" data-settings=\"{&quot;background_background&quot;:&quot;classic&quot;}\">\n\t\t\t\t<div class=\"elementor-element elementor-element-5484a37 elementor-widget elementor-widget-text-editor\" data-id=\"5484a37\" data-element_type=\"widget\" data-widget_type=\"text-editor.default\">\n\t\t\t\t\t\t\t\t\t<p><strong>30 ans d&rsquo;exp\u00e9rience \u00e0 votre service<\/strong><\/p>\t\t\t\t\t\t\t\t<\/div>\n\t\t\t\t<div class=\"elementor-element elementor-element-1f536e5 elementor-widget elementor-widget-text-editor\" data-id=\"1f536e5\" data-element_type=\"widget\" data-widget_type=\"text-editor.default\">\n\t\t\t\t\t\t\t\t\t<p>Mettez \u00e0 profit mes comp\u00e9tences pour votre entreprise &#8230;<\/p>\t\t\t\t\t\t\t\t<\/div>\n\t\t\t\t<\/div>\n\t\t<div class=\"elementor-element elementor-element-2019cb6 e-flex e-con-boxed e-con e-parent\" data-id=\"2019cb6\" data-element_type=\"container\">\n\t\t\t\t\t<div class=\"e-con-inner\">\n\t\t<div class=\"elementor-element elementor-element-3d92cbf e-con-full e-flex e-con e-child\" data-id=\"3d92cbf\" data-element_type=\"container\">\n\t\t\t\t<div class=\"elementor-element elementor-element-7cab3c4e elementor-widget__width-initial elementor-widget elementor-widget-text-editor\" data-id=\"7cab3c4e\" data-element_type=\"widget\" data-widget_type=\"text-editor.default\">\n\t\t\t\t\t\t\t\t\t\n<p>Fort de plus de 30 ans d\u2019exp\u00e9rience dans l\u2019univers des technologies Microsoft, je suis un professionnel passionn\u00e9 et engag\u00e9, sp\u00e9cialis\u00e9 dans l\u2019accompagnement des entreprises dans leur transformation num\u00e9rique. Mon expertise couvre un large \u00e9ventail de domaines, allant de la gestion des postes de travail et des serveurs \u00e0 l\u2019administration de Microsoft 365, Intune et des environnements virtualis\u00e9s.<\/p>\n\n<p>Je ma\u00eetrise \u00e9galement les services Azure, la gouvernance des donn\u00e9es et les enjeux li\u00e9s \u00e0 la s\u00e9curit\u00e9 et \u00e0 la conformit\u00e9 dans le cloud. Gr\u00e2ce \u00e0 une approche pragmatique et orient\u00e9e r\u00e9sultats, j\u2019aide mes clients \u00e0 tirer le meilleur parti des technologies Microsoft pour optimiser leur infrastructure, renforcer leur agilit\u00e9 et s\u00e9curiser leurs donn\u00e9es.<\/p>\n\n<p>Professionnel des technologies Microsoft, j\u2019ai consacr\u00e9 ma carri\u00e8re \u00e0 accompagner les entreprises dans l\u2019optimisation et la s\u00e9curisation de leur environnement num\u00e9rique.<\/p>\n\n<p>Jusqu\u2019\u00e0 r\u00e9cemment, j\u2019ai exerc\u00e9 au sein d\u2019une entreprise leader dans le domaine de la formation informatique. Dans ce cadre, j\u2019ai eu le privil\u00e8ge de former des milliers de stagiaires, allant des utilisateurs finaux aux professionnels de l\u2019IT, en leur transmettant des comp\u00e9tences concr\u00e8tes et imm\u00e9diatement applicables.<\/p>\n\t\t\t\t\t\t\t\t<\/div>\n\t\t\t\t<\/div>\n\t\t<div class=\"elementor-element elementor-element-767e30d e-con-full e-flex e-con e-child\" data-id=\"767e30d\" data-element_type=\"container\">\n\t\t\t\t<div class=\"elementor-element elementor-element-c897784 elementor-widget__width-auto elementor-widget elementor-widget-image\" data-id=\"c897784\" data-element_type=\"widget\" data-widget_type=\"image.default\">\n\t\t\t\t\t\t\t\t\t\t\t\t\t\t\t<img fetchpriority=\"high\" decoding=\"async\" width=\"1024\" height=\"776\" src=\"https:\/\/www.technoms.com\/wp-content\/uploads\/2025\/06\/FormationEtAccompagnement2-1024x776.jpg\" class=\"attachment-large size-large wp-image-20\" alt=\"\" srcset=\"https:\/\/www.technoms.com\/wp-content\/uploads\/2025\/06\/FormationEtAccompagnement2-1024x776.jpg 1024w, https:\/\/www.technoms.com\/wp-content\/uploads\/2025\/06\/FormationEtAccompagnement2-300x227.jpg 300w, https:\/\/www.technoms.com\/wp-content\/uploads\/2025\/06\/FormationEtAccompagnement2-768x582.jpg 768w, https:\/\/www.technoms.com\/wp-content\/uploads\/2025\/06\/FormationEtAccompagnement2-396x300.jpg 396w, https:\/\/www.technoms.com\/wp-content\/uploads\/2025\/06\/FormationEtAccompagnement2.jpg 1351w\" sizes=\"(max-width: 1024px) 100vw, 1024px\" \/>\t\t\t\t\t\t\t\t\t\t\t\t\t\t\t<\/div>\n\t\t\t\t<\/div>\n\t\t\t\t\t<\/div>\n\t\t\t\t<\/div>\n\t\t<div class=\"elementor-element elementor-element-17a6b740 e-flex e-con-boxed e-con e-parent\" data-id=\"17a6b740\" data-element_type=\"container\">\n\t\t\t\t\t<div class=\"e-con-inner\">\n\t\t\t\t<div class=\"elementor-element elementor-element-0c0f418 elementor-widget elementor-widget-text-editor\" data-id=\"0c0f418\" data-element_type=\"widget\" data-widget_type=\"text-editor.default\">\n\t\t\t\t\t\t\t\t\t<p>Aujourd\u2019hui, je prends mon envol en tant qu\u2019ind\u00e9pendant pour mettre cette riche exp\u00e9rience au service de mes clients.<\/p>\n<p>Mon objectif : proposer un accompagnement sur mesure, pragmatique et efficace, pour relever les d\u00e9fis technologiques d\u2019aujourd\u2019hui et de demain.<\/p>\t\t\t\t\t\t\t\t<\/div>\n\t\t\t\t\t<\/div>\n\t\t\t\t<\/div>\n\t\t<div class=\"elementor-element elementor-element-07d9627 e-flex e-con-boxed e-con e-parent\" data-id=\"07d9627\" data-element_type=\"container\">\n\t\t\t\t\t<div class=\"e-con-inner\">\n\t\t\t\t<div class=\"elementor-element elementor-element-af489ca elementor-widget-divider--view-line elementor-widget elementor-widget-divider\" data-id=\"af489ca\" data-element_type=\"widget\" data-widget_type=\"divider.default\">\n\t\t\t\t\t\t\t<div class=\"elementor-divider\">\n\t\t\t<span class=\"elementor-divider-separator\">\n\t\t\t\t\t\t<\/span>\n\t\t<\/div>\n\t\t\t\t\t\t<\/div>\n\t\t\t\t\t<\/div>\n\t\t\t\t<\/div>\n\t\t<div class=\"elementor-element elementor-element-6d3d075 e-grid e-con-boxed e-con e-parent\" data-id=\"6d3d075\" data-element_type=\"container\">\n\t\t\t\t\t<div class=\"e-con-inner\">\n\t\t\t\t<div class=\"elementor-element elementor-element-b7884d1 elementor-invisible elementor-widget elementor-widget-image\" data-id=\"b7884d1\" data-element_type=\"widget\" data-settings=\"{&quot;_animation&quot;:&quot;fadeIn&quot;}\" data-widget_type=\"image.default\">\n\t\t\t\t\t\t\t\t\t\t\t\t\t\t\t\t<a href=\"https:\/\/www.technoms.com\/index.php\/formations\/\">\n\t\t\t\t\t\t\t<img decoding=\"async\" width=\"464\" height=\"402\" src=\"https:\/\/www.technoms.com\/wp-content\/uploads\/2025\/07\/Formation.webp\" class=\"attachment-large size-large wp-image-329\" alt=\"\" srcset=\"https:\/\/www.technoms.com\/wp-content\/uploads\/2025\/07\/Formation.webp 464w, https:\/\/www.technoms.com\/wp-content\/uploads\/2025\/07\/Formation-300x260.webp 300w\" sizes=\"(max-width: 464px) 100vw, 464px\" \/>\t\t\t\t\t\t\t\t<\/a>\n\t\t\t\t\t\t\t\t\t\t\t\t\t\t\t<\/div>\n\t\t\t\t<div class=\"elementor-element elementor-element-1b51469 elementor-invisible elementor-widget elementor-widget-image\" data-id=\"1b51469\" data-element_type=\"widget\" data-settings=\"{&quot;_animation&quot;:&quot;fadeIn&quot;}\" data-widget_type=\"image.default\">\n\t\t\t\t\t\t\t\t\t\t\t\t\t\t\t\t<a href=\"https:\/\/www.technoms.com\/index.php\/services\/\">\n\t\t\t\t\t\t\t<img decoding=\"async\" width=\"610\" height=\"395\" src=\"https:\/\/www.technoms.com\/wp-content\/uploads\/2025\/07\/Service-et-accompagnement.webp\" class=\"attachment-large size-large wp-image-352\" alt=\"\" srcset=\"https:\/\/www.technoms.com\/wp-content\/uploads\/2025\/07\/Service-et-accompagnement.webp 610w, https:\/\/www.technoms.com\/wp-content\/uploads\/2025\/07\/Service-et-accompagnement-300x194.webp 300w\" sizes=\"(max-width: 610px) 100vw, 610px\" \/>\t\t\t\t\t\t\t\t<\/a>\n\t\t\t\t\t\t\t\t\t\t\t\t\t\t\t<\/div>\n\t\t\t\t\t<\/div>\n\t\t\t\t<\/div>\n\t\t\t\t<\/div>\n\t\t","protected":false},"excerpt":{"rendered":"<p>30 ans d&rsquo;exp\u00e9rience \u00e0 votre service Mettez \u00e0 profit mes comp\u00e9tences pour votre entreprise &#8230; Fort de plus de 30 ans d\u2019exp\u00e9rience dans l\u2019univers des technologies Microsoft, je suis un professionnel passionn\u00e9 et engag\u00e9, sp\u00e9cialis\u00e9 dans l\u2019accompagnement des entreprises dans leur transformation num\u00e9rique. Mon expertise couvre un large \u00e9ventail de domaines, allant de la gestion [&hellip;]<\/p>\n","protected":false},"author":1,"featured_media":0,"parent":0,"menu_order":0,"comment_status":"closed","ping_status":"closed","template":"","meta":{"footnotes":""},"class_list":["post-15","page","type-page","status-publish","hentry","entry"],"yoast_head":"<!-- This site is optimized with the Yoast SEO plugin v26.3 - https:\/\/yoast.com\/wordpress\/plugins\/seo\/ -->\n<title>Formation Azure | Formation M365 | Accompagnement sur les technologies Microsoft<\/title>\n<meta name=\"description\" content=\"Vous recherchez des formations sur les technologies Microsoft comme Azure ou Microsoft 365, alors cliquez ici\" \/>\n<meta name=\"robots\" content=\"index, follow, max-snippet:-1, max-image-preview:large, max-video-preview:-1\" \/>\n<link rel=\"canonical\" href=\"https:\/\/www.technoms.com\/\" \/>\n<meta property=\"og:locale\" content=\"fr_FR\" \/>\n<meta property=\"og:type\" content=\"article\" \/>\n<meta property=\"og:title\" content=\"Formation Azure | Formation M365 | Accompagnement sur les technologies Microsoft\" \/>\n<meta property=\"og:description\" content=\"Vous recherchez des formations sur les technologies Microsoft comme Azure ou Microsoft 365, alors cliquez ici\" \/>\n<meta property=\"og:url\" content=\"https:\/\/www.technoms.com\/\" \/>\n<meta property=\"og:site_name\" content=\"Accompagnement sur les Technologies Microsoft\" \/>\n<meta property=\"article:modified_time\" content=\"2025-11-06T17:30:39+00:00\" \/>\n<meta property=\"og:image\" content=\"https:\/\/www.technoms.com\/wp-content\/uploads\/2025\/06\/FormationEtAccompagnement2.jpg\" \/>\n\t<meta property=\"og:image:width\" content=\"1351\" \/>\n\t<meta property=\"og:image:height\" content=\"1024\" \/>\n\t<meta property=\"og:image:type\" content=\"image\/jpeg\" \/>\n<meta name=\"twitter:card\" content=\"summary_large_image\" \/>\n<meta name=\"twitter:label1\" content=\"Dur\u00e9e de lecture estim\u00e9e\" \/>\n\t<meta name=\"twitter:data1\" content=\"2 minutes\" \/>\n<script type=\"application\/ld+json\" class=\"yoast-schema-graph\">{\"@context\":\"https:\/\/schema.org\",\"@graph\":[{\"@type\":\"WebPage\",\"@id\":\"https:\/\/www.technoms.com\/\",\"url\":\"https:\/\/www.technoms.com\/\",\"name\":\"Formation Azure | Formation M365 | Accompagnement sur les technologies Microsoft\",\"isPartOf\":{\"@id\":\"https:\/\/www.technoms.com\/#website\"},\"primaryImageOfPage\":{\"@id\":\"https:\/\/www.technoms.com\/#primaryimage\"},\"image\":{\"@id\":\"https:\/\/www.technoms.com\/#primaryimage\"},\"thumbnailUrl\":\"https:\/\/www.technoms.com\/wp-content\/uploads\/2025\/06\/FormationEtAccompagnement2-1024x776.jpg\",\"datePublished\":\"2025-06-26T11:03:36+00:00\",\"dateModified\":\"2025-11-06T17:30:39+00:00\",\"description\":\"Vous recherchez des formations sur les technologies Microsoft comme Azure ou Microsoft 365, alors cliquez ici\",\"breadcrumb\":{\"@id\":\"https:\/\/www.technoms.com\/#breadcrumb\"},\"inLanguage\":\"fr-FR\",\"potentialAction\":[{\"@type\":\"ReadAction\",\"target\":[\"https:\/\/www.technoms.com\/\"]}]},{\"@type\":\"ImageObject\",\"inLanguage\":\"fr-FR\",\"@id\":\"https:\/\/www.technoms.com\/#primaryimage\",\"url\":\"https:\/\/www.technoms.com\/wp-content\/uploads\/2025\/06\/FormationEtAccompagnement2.jpg\",\"contentUrl\":\"https:\/\/www.technoms.com\/wp-content\/uploads\/2025\/06\/FormationEtAccompagnement2.jpg\",\"width\":1351,\"height\":1024,\"caption\":\"Transfert de comp\u00e9tence \/ Formation \/ Impl\u00e9mentation\"},{\"@type\":\"BreadcrumbList\",\"@id\":\"https:\/\/www.technoms.com\/#breadcrumb\",\"itemListElement\":[{\"@type\":\"ListItem\",\"position\":1,\"name\":\"Accueil\",\"item\":\"https:\/\/www.technoms.com\/\"},{\"@type\":\"ListItem\",\"position\":2,\"name\":\"30 ans d\u2019exp\u00e9rience \u00e0 votre service\"}]},{\"@type\":\"WebSite\",\"@id\":\"https:\/\/www.technoms.com\/#website\",\"url\":\"https:\/\/www.technoms.com\/\",\"name\":\"Accompagnement sur les Technologies Microsoft\",\"description\":\"30 ans d\u2019exp\u00e9rience \u00e0 votre service\",\"publisher\":{\"@id\":\"https:\/\/www.technoms.com\/#organization\"},\"alternateName\":\"Technoms.com\",\"potentialAction\":[{\"@type\":\"SearchAction\",\"target\":{\"@type\":\"EntryPoint\",\"urlTemplate\":\"https:\/\/www.technoms.com\/?s={search_term_string}\"},\"query-input\":{\"@type\":\"PropertyValueSpecification\",\"valueRequired\":true,\"valueName\":\"search_term_string\"}}],\"inLanguage\":\"fr-FR\"},{\"@type\":\"Organization\",\"@id\":\"https:\/\/www.technoms.com\/#organization\",\"name\":\"Technoms.com\",\"url\":\"https:\/\/www.technoms.com\/\",\"logo\":{\"@type\":\"ImageObject\",\"inLanguage\":\"fr-FR\",\"@id\":\"https:\/\/www.technoms.com\/#\/schema\/logo\/image\/\",\"url\":\"https:\/\/www.technoms.com\/wp-content\/uploads\/2025\/06\/LogoCarre.png\",\"contentUrl\":\"https:\/\/www.technoms.com\/wp-content\/uploads\/2025\/06\/LogoCarre.png\",\"width\":122,\"height\":98,\"caption\":\"Technoms.com\"},\"image\":{\"@id\":\"https:\/\/www.technoms.com\/#\/schema\/logo\/image\/\"},\"sameAs\":[\"https:\/\/www.linkedin.com\/in\/florentdupont38\/\"]}]}<\/script>\n<!-- \/ Yoast SEO plugin. -->","yoast_head_json":{"title":"Formation Azure | Formation M365 | Accompagnement sur les technologies Microsoft","description":"Vous recherchez des formations sur les technologies Microsoft comme Azure ou Microsoft 365, alors cliquez ici","robots":{"index":"index","follow":"follow","max-snippet":"max-snippet:-1","max-image-preview":"max-image-preview:large","max-video-preview":"max-video-preview:-1"},"canonical":"https:\/\/www.technoms.com\/","og_locale":"fr_FR","og_type":"article","og_title":"Formation Azure | Formation M365 | Accompagnement sur les technologies Microsoft","og_description":"Vous recherchez des formations sur les technologies Microsoft comme Azure ou Microsoft 365, alors cliquez ici","og_url":"https:\/\/www.technoms.com\/","og_site_name":"Accompagnement sur les Technologies Microsoft","article_modified_time":"2025-11-06T17:30:39+00:00","og_image":[{"width":1351,"height":1024,"url":"https:\/\/www.technoms.com\/wp-content\/uploads\/2025\/06\/FormationEtAccompagnement2.jpg","type":"image\/jpeg"}],"twitter_card":"summary_large_image","twitter_misc":{"Dur\u00e9e de lecture estim\u00e9e":"2 minutes"},"schema":{"@context":"https:\/\/schema.org","@graph":[{"@type":"WebPage","@id":"https:\/\/www.technoms.com\/","url":"https:\/\/www.technoms.com\/","name":"Formation Azure | Formation M365 | Accompagnement sur les technologies Microsoft","isPartOf":{"@id":"https:\/\/www.technoms.com\/#website"},"primaryImageOfPage":{"@id":"https:\/\/www.technoms.com\/#primaryimage"},"image":{"@id":"https:\/\/www.technoms.com\/#primaryimage"},"thumbnailUrl":"https:\/\/www.technoms.com\/wp-content\/uploads\/2025\/06\/FormationEtAccompagnement2-1024x776.jpg","datePublished":"2025-06-26T11:03:36+00:00","dateModified":"2025-11-06T17:30:39+00:00","description":"Vous recherchez des formations sur les technologies Microsoft comme Azure ou Microsoft 365, alors cliquez ici","breadcrumb":{"@id":"https:\/\/www.technoms.com\/#breadcrumb"},"inLanguage":"fr-FR","potentialAction":[{"@type":"ReadAction","target":["https:\/\/www.technoms.com\/"]}]},{"@type":"ImageObject","inLanguage":"fr-FR","@id":"https:\/\/www.technoms.com\/#primaryimage","url":"https:\/\/www.technoms.com\/wp-content\/uploads\/2025\/06\/FormationEtAccompagnement2.jpg","contentUrl":"https:\/\/www.technoms.com\/wp-content\/uploads\/2025\/06\/FormationEtAccompagnement2.jpg","width":1351,"height":1024,"caption":"Transfert de comp\u00e9tence \/ Formation \/ Impl\u00e9mentation"},{"@type":"BreadcrumbList","@id":"https:\/\/www.technoms.com\/#breadcrumb","itemListElement":[{"@type":"ListItem","position":1,"name":"Accueil","item":"https:\/\/www.technoms.com\/"},{"@type":"ListItem","position":2,"name":"30 ans d\u2019exp\u00e9rience \u00e0 votre service"}]},{"@type":"WebSite","@id":"https:\/\/www.technoms.com\/#website","url":"https:\/\/www.technoms.com\/","name":"Accompagnement sur les Technologies Microsoft","description":"30 ans d\u2019exp\u00e9rience \u00e0 votre service","publisher":{"@id":"https:\/\/www.technoms.com\/#organization"},"alternateName":"Technoms.com","potentialAction":[{"@type":"SearchAction","target":{"@type":"EntryPoint","urlTemplate":"https:\/\/www.technoms.com\/?s={search_term_string}"},"query-input":{"@type":"PropertyValueSpecification","valueRequired":true,"valueName":"search_term_string"}}],"inLanguage":"fr-FR"},{"@type":"Organization","@id":"https:\/\/www.technoms.com\/#organization","name":"Technoms.com","url":"https:\/\/www.technoms.com\/","logo":{"@type":"ImageObject","inLanguage":"fr-FR","@id":"https:\/\/www.technoms.com\/#\/schema\/logo\/image\/","url":"https:\/\/www.technoms.com\/wp-content\/uploads\/2025\/06\/LogoCarre.png","contentUrl":"https:\/\/www.technoms.com\/wp-content\/uploads\/2025\/06\/LogoCarre.png","width":122,"height":98,"caption":"Technoms.com"},"image":{"@id":"https:\/\/www.technoms.com\/#\/schema\/logo\/image\/"},"sameAs":["https:\/\/www.linkedin.com\/in\/florentdupont38\/"]}]}},"_links":{"self":[{"href":"https:\/\/www.technoms.com\/index.php\/wp-json\/wp\/v2\/pages\/15","targetHints":{"allow":["GET"]}}],"collection":[{"href":"https:\/\/www.technoms.com\/index.php\/wp-json\/wp\/v2\/pages"}],"about":[{"href":"https:\/\/www.technoms.com\/index.php\/wp-json\/wp\/v2\/types\/page"}],"author":[{"embeddable":true,"href":"https:\/\/www.technoms.com\/index.php\/wp-json\/wp\/v2\/users\/1"}],"replies":[{"embeddable":true,"href":"https:\/\/www.technoms.com\/index.php\/wp-json\/wp\/v2\/comments?post=15"}],"version-history":[{"count":101,"href":"https:\/\/www.technoms.com\/index.php\/wp-json\/wp\/v2\/pages\/15\/revisions"}],"predecessor-version":[{"id":537,"href":"https:\/\/www.technoms.com\/index.php\/wp-json\/wp\/v2\/pages\/15\/revisions\/537"}],"wp:attachment":[{"href":"https:\/\/www.technoms.com\/index.php\/wp-json\/wp\/v2\/media?parent=15"}],"curies":[{"name":"wp","href":"https:\/\/api.w.org\/{rel}","templated":true}]}}