{"id":362,"date":"2025-07-19T16:46:48","date_gmt":"2025-07-19T14:46:48","guid":{"rendered":"https:\/\/www.technoms.com\/?page_id=362"},"modified":"2025-07-19T17:34:04","modified_gmt":"2025-07-19T15:34:04","slug":"ms-900","status":"publish","type":"page","link":"https:\/\/www.technoms.com\/index.php\/ms-900\/","title":{"rendered":"MS-900"},"content":{"rendered":"\t\t<div data-elementor-type=\"wp-page\" data-elementor-id=\"362\" class=\"elementor elementor-362\">\n\t\t\t\t<div class=\"elementor-element elementor-element-a621954 e-flex e-con-boxed e-con e-parent\" data-id=\"a621954\" data-element_type=\"container\">\n\t\t\t\t\t<div class=\"e-con-inner\">\n\t\t\t\t<div class=\"elementor-element elementor-element-9ca701d elementor-widget elementor-widget-heading\" data-id=\"9ca701d\" data-element_type=\"widget\" data-widget_type=\"heading.default\">\n\t\t\t\t\t<h2 class=\"elementor-heading-title elementor-size-default\">MS-900 - Les principes fondamentaux de Microsoft 365 <\/h2>\t\t\t\t<\/div>\n\t\t\t\t\t<\/div>\n\t\t\t\t<\/div>\n\t\t<div class=\"elementor-element elementor-element-21af0d8 e-flex e-con-boxed e-con e-parent\" data-id=\"21af0d8\" data-element_type=\"container\">\n\t\t\t\t\t<div class=\"e-con-inner\">\n\t\t\t\t<div class=\"elementor-element elementor-element-28acb0e elementor-widget elementor-widget-text-editor\" data-id=\"28acb0e\" data-element_type=\"widget\" data-widget_type=\"text-editor.default\">\n\t\t\t\t\t\t\t\t\t<h1>Dur\u00e9e :\u00a0<\/h1><p>1 jour<\/p><h1>R\u00e9sum\u00e9 :<\/h1><p>Cette formation permet de fournir aux participants les connaissances de base ainsi que les avantages de l&rsquo;adoption pour ses services d&rsquo;information de la solution h\u00e9berg\u00e9e chez Microsoft qu&rsquo;est l&rsquo;offre Microsoft 365.<\/p><h1>Public vis\u00e9 :<\/h1><p>Cette formation est con\u00e7ue pour les professionnels de l&rsquo;informatique souhaitant d\u00e9ployer et g\u00e9rer l&rsquo;offre Microsoft 365 ou cherchant simplement \u00e0 acqu\u00e9rir des connaissances de base sur cette offre.<br \/>Ce cours permet \u00e9galement de pr\u00e9parer la certification Microsoft 365 Certified Fundamentals (MS-900)<\/p><h1>Objectifs :<\/h1><ul><li>Expliquer les concepts fondamentaux du cloud et plus particuli\u00e8rement les services cloud Microsoft<\/li><li>D\u00e9crire les diff\u00e9rentes briques et fonctionnalit\u00e9s offertes par Microsoft 365, notamment les fonctionnalit\u00e9s dans le cadre de la mobilit\u00e9, de la collaboration, de la s\u00e9curit\u00e9 et de la conformit\u00e9 des donn\u00e9es, ainsi que la gestion des licences et de la facturation.<\/li><li>D\u00e9crire les prix appliqu\u00e9s, les licences et le support Microsoft 365.<\/li><\/ul><h1>Pr\u00e9-requis :<\/h1><p>Avoir des connaissances g\u00e9n\u00e9rales en informatique ou toute exp\u00e9rience g\u00e9n\u00e9rale de travail dans un environnement informatique.<\/p><h1>Contenu :<\/h1><ul><li>Description des concepts de cloud<\/li><li>D\u00e9crire les applications et services Microsoft\u00a0365<\/li><li>D\u00e9crire les fonctionnalit\u00e9s de s\u00e9curit\u00e9 et de conformit\u00e9 Microsoft\u00a0365<\/li><li>D\u00e9crire les tarifs, les licences et le support de Microsoft 365<\/li><\/ul>\t\t\t\t\t\t\t\t<\/div>\n\t\t\t\t\t<\/div>\n\t\t\t\t<\/div>\n\t\t\t\t<\/div>\n\t\t","protected":false},"excerpt":{"rendered":"<p>MS-900 &#8211; Les principes fondamentaux de Microsoft 365 Dur\u00e9e :\u00a0 1 jour R\u00e9sum\u00e9 : Cette formation permet de fournir aux participants les connaissances de base ainsi que les avantages de l&rsquo;adoption pour ses services d&rsquo;information de la solution h\u00e9berg\u00e9e chez Microsoft qu&rsquo;est l&rsquo;offre Microsoft 365. Public vis\u00e9 : Cette formation est con\u00e7ue pour les professionnels [&hellip;]<\/p>\n","protected":false},"author":1,"featured_media":0,"parent":0,"menu_order":0,"comment_status":"closed","ping_status":"closed","template":"","meta":{"footnotes":""},"class_list":["post-362","page","type-page","status-publish","hentry","entry"],"yoast_head":"<!-- This site is optimized with the Yoast SEO plugin v26.3 - https:\/\/yoast.com\/wordpress\/plugins\/seo\/ -->\n<title>MS-900 - Accompagnement sur les Technologies Microsoft<\/title>\n<meta name=\"robots\" content=\"index, follow, max-snippet:-1, max-image-preview:large, max-video-preview:-1\" \/>\n<link rel=\"canonical\" href=\"https:\/\/www.technoms.com\/index.php\/ms-900\/\" \/>\n<meta property=\"og:locale\" content=\"fr_FR\" \/>\n<meta property=\"og:type\" content=\"article\" \/>\n<meta property=\"og:title\" content=\"MS-900 - Accompagnement sur les Technologies Microsoft\" \/>\n<meta property=\"og:description\" content=\"MS-900 &#8211; Les principes fondamentaux de Microsoft 365 Dur\u00e9e :\u00a0 1 jour R\u00e9sum\u00e9 : Cette formation permet de fournir aux participants les connaissances de base ainsi que les avantages de l&rsquo;adoption pour ses services d&rsquo;information de la solution h\u00e9berg\u00e9e chez Microsoft qu&rsquo;est l&rsquo;offre Microsoft 365. Public vis\u00e9 : Cette formation est con\u00e7ue pour les professionnels [&hellip;]\" \/>\n<meta property=\"og:url\" content=\"https:\/\/www.technoms.com\/index.php\/ms-900\/\" \/>\n<meta property=\"og:site_name\" content=\"Accompagnement sur les Technologies Microsoft\" \/>\n<meta property=\"article:modified_time\" content=\"2025-07-19T15:34:04+00:00\" \/>\n<meta property=\"og:image\" content=\"https:\/\/www.technoms.com\/wp-content\/uploads\/2025\/06\/FormationEtAccompagnement2.jpg\" \/>\n\t<meta property=\"og:image:width\" content=\"1351\" \/>\n\t<meta property=\"og:image:height\" content=\"1024\" \/>\n\t<meta property=\"og:image:type\" content=\"image\/jpeg\" \/>\n<meta name=\"twitter:card\" content=\"summary_large_image\" \/>\n<meta name=\"twitter:label1\" content=\"Dur\u00e9e de lecture estim\u00e9e\" \/>\n\t<meta name=\"twitter:data1\" content=\"2 minutes\" \/>\n<script type=\"application\/ld+json\" class=\"yoast-schema-graph\">{\"@context\":\"https:\/\/schema.org\",\"@graph\":[{\"@type\":\"WebPage\",\"@id\":\"https:\/\/www.technoms.com\/index.php\/ms-900\/\",\"url\":\"https:\/\/www.technoms.com\/index.php\/ms-900\/\",\"name\":\"MS-900 - Accompagnement sur les Technologies Microsoft\",\"isPartOf\":{\"@id\":\"https:\/\/www.technoms.com\/#website\"},\"datePublished\":\"2025-07-19T14:46:48+00:00\",\"dateModified\":\"2025-07-19T15:34:04+00:00\",\"breadcrumb\":{\"@id\":\"https:\/\/www.technoms.com\/index.php\/ms-900\/#breadcrumb\"},\"inLanguage\":\"fr-FR\",\"potentialAction\":[{\"@type\":\"ReadAction\",\"target\":[\"https:\/\/www.technoms.com\/index.php\/ms-900\/\"]}]},{\"@type\":\"BreadcrumbList\",\"@id\":\"https:\/\/www.technoms.com\/index.php\/ms-900\/#breadcrumb\",\"itemListElement\":[{\"@type\":\"ListItem\",\"position\":1,\"name\":\"Accueil\",\"item\":\"https:\/\/www.technoms.com\/\"},{\"@type\":\"ListItem\",\"position\":2,\"name\":\"MS-900\"}]},{\"@type\":\"WebSite\",\"@id\":\"https:\/\/www.technoms.com\/#website\",\"url\":\"https:\/\/www.technoms.com\/\",\"name\":\"Accompagnement sur les Technologies Microsoft\",\"description\":\"30 ans d\u2019exp\u00e9rience \u00e0 votre service\",\"publisher\":{\"@id\":\"https:\/\/www.technoms.com\/#organization\"},\"alternateName\":\"Technoms.com\",\"potentialAction\":[{\"@type\":\"SearchAction\",\"target\":{\"@type\":\"EntryPoint\",\"urlTemplate\":\"https:\/\/www.technoms.com\/?s={search_term_string}\"},\"query-input\":{\"@type\":\"PropertyValueSpecification\",\"valueRequired\":true,\"valueName\":\"search_term_string\"}}],\"inLanguage\":\"fr-FR\"},{\"@type\":\"Organization\",\"@id\":\"https:\/\/www.technoms.com\/#organization\",\"name\":\"Technoms.com\",\"url\":\"https:\/\/www.technoms.com\/\",\"logo\":{\"@type\":\"ImageObject\",\"inLanguage\":\"fr-FR\",\"@id\":\"https:\/\/www.technoms.com\/#\/schema\/logo\/image\/\",\"url\":\"https:\/\/www.technoms.com\/wp-content\/uploads\/2025\/06\/LogoCarre.png\",\"contentUrl\":\"https:\/\/www.technoms.com\/wp-content\/uploads\/2025\/06\/LogoCarre.png\",\"width\":122,\"height\":98,\"caption\":\"Technoms.com\"},\"image\":{\"@id\":\"https:\/\/www.technoms.com\/#\/schema\/logo\/image\/\"},\"sameAs\":[\"https:\/\/www.linkedin.com\/in\/florentdupont38\/\"]}]}<\/script>\n<!-- \/ Yoast SEO plugin. -->","yoast_head_json":{"title":"MS-900 - Accompagnement sur les Technologies Microsoft","robots":{"index":"index","follow":"follow","max-snippet":"max-snippet:-1","max-image-preview":"max-image-preview:large","max-video-preview":"max-video-preview:-1"},"canonical":"https:\/\/www.technoms.com\/index.php\/ms-900\/","og_locale":"fr_FR","og_type":"article","og_title":"MS-900 - Accompagnement sur les Technologies Microsoft","og_description":"MS-900 &#8211; Les principes fondamentaux de Microsoft 365 Dur\u00e9e :\u00a0 1 jour R\u00e9sum\u00e9 : Cette formation permet de fournir aux participants les connaissances de base ainsi que les avantages de l&rsquo;adoption pour ses services d&rsquo;information de la solution h\u00e9berg\u00e9e chez Microsoft qu&rsquo;est l&rsquo;offre Microsoft 365. Public vis\u00e9 : Cette formation est con\u00e7ue pour les professionnels [&hellip;]","og_url":"https:\/\/www.technoms.com\/index.php\/ms-900\/","og_site_name":"Accompagnement sur les Technologies Microsoft","article_modified_time":"2025-07-19T15:34:04+00:00","og_image":[{"width":1351,"height":1024,"url":"https:\/\/www.technoms.com\/wp-content\/uploads\/2025\/06\/FormationEtAccompagnement2.jpg","type":"image\/jpeg"}],"twitter_card":"summary_large_image","twitter_misc":{"Dur\u00e9e de lecture estim\u00e9e":"2 minutes"},"schema":{"@context":"https:\/\/schema.org","@graph":[{"@type":"WebPage","@id":"https:\/\/www.technoms.com\/index.php\/ms-900\/","url":"https:\/\/www.technoms.com\/index.php\/ms-900\/","name":"MS-900 - Accompagnement sur les Technologies Microsoft","isPartOf":{"@id":"https:\/\/www.technoms.com\/#website"},"datePublished":"2025-07-19T14:46:48+00:00","dateModified":"2025-07-19T15:34:04+00:00","breadcrumb":{"@id":"https:\/\/www.technoms.com\/index.php\/ms-900\/#breadcrumb"},"inLanguage":"fr-FR","potentialAction":[{"@type":"ReadAction","target":["https:\/\/www.technoms.com\/index.php\/ms-900\/"]}]},{"@type":"BreadcrumbList","@id":"https:\/\/www.technoms.com\/index.php\/ms-900\/#breadcrumb","itemListElement":[{"@type":"ListItem","position":1,"name":"Accueil","item":"https:\/\/www.technoms.com\/"},{"@type":"ListItem","position":2,"name":"MS-900"}]},{"@type":"WebSite","@id":"https:\/\/www.technoms.com\/#website","url":"https:\/\/www.technoms.com\/","name":"Accompagnement sur les Technologies Microsoft","description":"30 ans d\u2019exp\u00e9rience \u00e0 votre service","publisher":{"@id":"https:\/\/www.technoms.com\/#organization"},"alternateName":"Technoms.com","potentialAction":[{"@type":"SearchAction","target":{"@type":"EntryPoint","urlTemplate":"https:\/\/www.technoms.com\/?s={search_term_string}"},"query-input":{"@type":"PropertyValueSpecification","valueRequired":true,"valueName":"search_term_string"}}],"inLanguage":"fr-FR"},{"@type":"Organization","@id":"https:\/\/www.technoms.com\/#organization","name":"Technoms.com","url":"https:\/\/www.technoms.com\/","logo":{"@type":"ImageObject","inLanguage":"fr-FR","@id":"https:\/\/www.technoms.com\/#\/schema\/logo\/image\/","url":"https:\/\/www.technoms.com\/wp-content\/uploads\/2025\/06\/LogoCarre.png","contentUrl":"https:\/\/www.technoms.com\/wp-content\/uploads\/2025\/06\/LogoCarre.png","width":122,"height":98,"caption":"Technoms.com"},"image":{"@id":"https:\/\/www.technoms.com\/#\/schema\/logo\/image\/"},"sameAs":["https:\/\/www.linkedin.com\/in\/florentdupont38\/"]}]}},"_links":{"self":[{"href":"https:\/\/www.technoms.com\/index.php\/wp-json\/wp\/v2\/pages\/362","targetHints":{"allow":["GET"]}}],"collection":[{"href":"https:\/\/www.technoms.com\/index.php\/wp-json\/wp\/v2\/pages"}],"about":[{"href":"https:\/\/www.technoms.com\/index.php\/wp-json\/wp\/v2\/types\/page"}],"author":[{"embeddable":true,"href":"https:\/\/www.technoms.com\/index.php\/wp-json\/wp\/v2\/users\/1"}],"replies":[{"embeddable":true,"href":"https:\/\/www.technoms.com\/index.php\/wp-json\/wp\/v2\/comments?post=362"}],"version-history":[{"count":10,"href":"https:\/\/www.technoms.com\/index.php\/wp-json\/wp\/v2\/pages\/362\/revisions"}],"predecessor-version":[{"id":403,"href":"https:\/\/www.technoms.com\/index.php\/wp-json\/wp\/v2\/pages\/362\/revisions\/403"}],"wp:attachment":[{"href":"https:\/\/www.technoms.com\/index.php\/wp-json\/wp\/v2\/media?parent=362"}],"curies":[{"name":"wp","href":"https:\/\/api.w.org\/{rel}","templated":true}]}}