{"id":376,"date":"2025-07-19T16:56:42","date_gmt":"2025-07-19T14:56:42","guid":{"rendered":"https:\/\/www.technoms.com\/?page_id=376"},"modified":"2025-07-19T17:33:03","modified_gmt":"2025-07-19T15:33:03","slug":"ms-102","status":"publish","type":"page","link":"https:\/\/www.technoms.com\/index.php\/ms-102\/","title":{"rendered":"ms-102"},"content":{"rendered":"\t\t<div data-elementor-type=\"wp-page\" data-elementor-id=\"376\" class=\"elementor elementor-376\">\n\t\t\t\t<div class=\"elementor-element elementor-element-a3cf31c e-flex e-con-boxed e-con e-parent\" data-id=\"a3cf31c\" data-element_type=\"container\">\n\t\t\t\t\t<div class=\"e-con-inner\">\n\t\t\t\t<div class=\"elementor-element elementor-element-5614fff elementor-widget elementor-widget-heading\" data-id=\"5614fff\" data-element_type=\"widget\" data-widget_type=\"heading.default\">\n\t\t\t\t\t<h2 class=\"elementor-heading-title elementor-size-default\">MS-102 - Administrateur Microsoft 365<\/h2>\t\t\t\t<\/div>\n\t\t\t\t\t<\/div>\n\t\t\t\t<\/div>\n\t\t<div class=\"elementor-element elementor-element-0c45d59 e-flex e-con-boxed e-con e-parent\" data-id=\"0c45d59\" data-element_type=\"container\">\n\t\t\t\t\t<div class=\"e-con-inner\">\n\t\t\t\t<div class=\"elementor-element elementor-element-38aee66 elementor-widget elementor-widget-text-editor\" data-id=\"38aee66\" data-element_type=\"widget\" data-widget_type=\"text-editor.default\">\n\t\t\t\t\t\t\t\t\t<h1>Dur\u00e9e :\u00a0<\/h1><p>5 jours<\/p><h1>R\u00e9sum\u00e9 :<\/h1><p>Cette formation permet aux participants d&rsquo;acqu\u00e9rir les comp\u00e9tences et connaissances n\u00e9cessaires pour utiliser les \u00e9l\u00e9ments cl\u00e9s de l&rsquo;administration de Microsoft 365 : Gestion des identit\u00e9s Microsoft 365, Synchronisation des identit\u00e9s Microsoft 365 configuration des principaux services et S\u00e9curit\u00e9 \/ conformit\u00e9 des donn\u00e9es de Microsoft 365.<\/p><h1>Public vis\u00e9 :<\/h1><p>Cette formation est con\u00e7ue pour les personnes qui aspirent au r\u00f4le d&rsquo;administrateur Microsoft 365.<br \/>Ce cours permet \u00e9galement de pr\u00e9parer la certification <strong>Microsoft 365 Certified : Administrator Expert<\/strong><\/p><h1>Objectifs :<\/h1><p>Ce cours couvre les \u00e9l\u00e9ments cl\u00e9s suivants de l\u2019administration de Microsoft 365 :<\/p><ul><li>Gestion des locataires Microsoft 365<\/li><li>Synchronisation des identit\u00e9s Microsoft 365<\/li><li>La s\u00e9curit\u00e9 et la conformit\u00e9 de Microsoft 365.<\/li><\/ul><h1>Contenu :<\/h1><p>Dans la gestion des locataires Microsoft 365, vous apprendre \u00e0 configurer votre locataire Microsoft 365, y compris votre profil organisationnel, les options d\u2019inscription du locataire, les services des composants, les comptes d\u2019utilisateur et les licences, les groupes de s\u00e9curit\u00e9 et les r\u00f4les d\u2019administration.<\/p><p>Vous passez ensuite \u00e0 la configuration de Microsoft 365, en vous concentrant principalement sur la configuration de la connectivit\u00e9 des clients Office.<\/p><p>Enfin, vous voyez comment g\u00e9rer les installations clientes pilot\u00e9es par l\u2019utilisateur des d\u00e9ploiements de Microsoft 365 Apps for enterprise.<\/p><p>Le cours passe ensuite \u00e0 un examen approfondi de la synchronisation des identit\u00e9s Microsoft 365, en mettant l\u2019accent sur Entra ID Connect et Connect Cloud Sync. Vous d\u00e9couvrez comment planifier et impl\u00e9menter chacune de ces options de synchronisation d\u2019annuaires, comment g\u00e9rer les identit\u00e9s synchronis\u00e9es et comment impl\u00e9menter la gestion des mots de passe dans Microsoft 365 en utilisant l\u2019authentification multifacteur et la gestion des mots de passe en libre-service.<\/p><p>Dans Gestion de la s\u00e9curit\u00e9 Microsoft 365, vous commencez par examiner les types courants de vecteurs de menaces et de violations de donn\u00e9es auxquels les organisations sont confront\u00e9es aujourd\u2019hui. Vous d\u00e9couvrez ensuite comment les solutions de s\u00e9curit\u00e9 de Microsoft 365 r\u00e9pondent \u00e0 chacune de ces menaces. Vous d\u00e9couvrez le niveau de s\u00e9curit\u00e9 Microsoft ainsi qu\u2019Azure Active Directory Identity Protection. Vous d\u00e9couvrez ensuite comment g\u00e9rer les services de s\u00e9curit\u00e9 de Microsoft 365, y compris Exchange Online Protection, Pi\u00e8ces jointes fiables et Liens fiables.<\/p><p>Enfin, vous d\u00e9couvrez les diff\u00e9rents rapports qui permettent de superviser l\u2019int\u00e9grit\u00e9 de la s\u00e9curit\u00e9 d\u2019une organisation. Vous passez ensuite des services de s\u00e9curit\u00e9 au renseignement sur les menaces, en utilisant plus sp\u00e9cifiquement Microsoft 365 Defender, Microsoft Defender for Cloud Apps et Microsoft Defender for Endpoint. Une fois que vous avez acquis cette compr\u00e9hension de la suite de s\u00e9curit\u00e9 de Microsoft 365, vous examinez les composants cl\u00e9s de la gestion de la conformit\u00e9 de Microsoft 365. Cela commence par un aper\u00e7u de tous les aspects cl\u00e9s de la gouvernance des donn\u00e9es, \u00e0 savoir l\u2019archivage et la conservation des donn\u00e9es, le chiffrement des messages dans Microsoft Purview et la pr\u00e9vention contre la perte de donn\u00e9es (DLP). Vous voyez ensuite plus en d\u00e9tails l\u2019archivage et la conservation, en accordant une attention particuli\u00e8re \u00e0 la gestion des risques internes dans Microsoft Purview, au cloisonnement de l\u2019information et aux strat\u00e9gies DLP. Vous voyez apr\u00e8s cela comment impl\u00e9menter ces fonctionnalit\u00e9s de conformit\u00e9 en utilisant la classification des donn\u00e9es et des \u00e9tiquettes de confidentialit\u00e9.<\/p><h1>Pr\u00e9-requis :<\/h1><p>Avoir une bonne compr\u00e9hension du r\u00e9seau et en particulier le service DNS ainsi qu&rsquo;une exp\u00e9rience fonctionnelle de base avec les services Microsoft 365, des pratiques informatiques g\u00e9n\u00e9rales et une connaissance pratique de PowerShell.<\/p>\t\t\t\t\t\t\t\t<\/div>\n\t\t\t\t\t<\/div>\n\t\t\t\t<\/div>\n\t\t\t\t<\/div>\n\t\t","protected":false},"excerpt":{"rendered":"<p>MS-102 &#8211; Administrateur Microsoft 365 Dur\u00e9e :\u00a0 5 jours R\u00e9sum\u00e9 : Cette formation permet aux participants d&rsquo;acqu\u00e9rir les comp\u00e9tences et connaissances n\u00e9cessaires pour utiliser les \u00e9l\u00e9ments cl\u00e9s de l&rsquo;administration de Microsoft 365 : Gestion des identit\u00e9s Microsoft 365, Synchronisation des identit\u00e9s Microsoft 365 configuration des principaux services et S\u00e9curit\u00e9 \/ conformit\u00e9 des donn\u00e9es de Microsoft [&hellip;]<\/p>\n","protected":false},"author":1,"featured_media":0,"parent":0,"menu_order":0,"comment_status":"closed","ping_status":"closed","template":"","meta":{"footnotes":""},"class_list":["post-376","page","type-page","status-publish","hentry","entry"],"yoast_head":"<!-- This site is optimized with the Yoast SEO plugin v26.3 - https:\/\/yoast.com\/wordpress\/plugins\/seo\/ -->\n<title>ms-102 - Accompagnement sur les Technologies Microsoft<\/title>\n<meta name=\"robots\" content=\"index, follow, max-snippet:-1, max-image-preview:large, max-video-preview:-1\" \/>\n<link rel=\"canonical\" href=\"https:\/\/www.technoms.com\/index.php\/ms-102\/\" \/>\n<meta property=\"og:locale\" content=\"fr_FR\" \/>\n<meta property=\"og:type\" content=\"article\" \/>\n<meta property=\"og:title\" content=\"ms-102 - Accompagnement sur les Technologies Microsoft\" \/>\n<meta property=\"og:description\" content=\"MS-102 &#8211; Administrateur Microsoft 365 Dur\u00e9e :\u00a0 5 jours R\u00e9sum\u00e9 : Cette formation permet aux participants d&rsquo;acqu\u00e9rir les comp\u00e9tences et connaissances n\u00e9cessaires pour utiliser les \u00e9l\u00e9ments cl\u00e9s de l&rsquo;administration de Microsoft 365 : Gestion des identit\u00e9s Microsoft 365, Synchronisation des identit\u00e9s Microsoft 365 configuration des principaux services et S\u00e9curit\u00e9 \/ conformit\u00e9 des donn\u00e9es de Microsoft [&hellip;]\" \/>\n<meta property=\"og:url\" content=\"https:\/\/www.technoms.com\/index.php\/ms-102\/\" \/>\n<meta property=\"og:site_name\" content=\"Accompagnement sur les Technologies Microsoft\" \/>\n<meta property=\"article:modified_time\" content=\"2025-07-19T15:33:03+00:00\" \/>\n<meta property=\"og:image\" content=\"https:\/\/www.technoms.com\/wp-content\/uploads\/2025\/06\/FormationEtAccompagnement2.jpg\" \/>\n\t<meta property=\"og:image:width\" content=\"1351\" \/>\n\t<meta property=\"og:image:height\" content=\"1024\" \/>\n\t<meta property=\"og:image:type\" content=\"image\/jpeg\" \/>\n<meta name=\"twitter:card\" content=\"summary_large_image\" \/>\n<meta name=\"twitter:label1\" content=\"Dur\u00e9e de lecture estim\u00e9e\" \/>\n\t<meta name=\"twitter:data1\" content=\"3 minutes\" \/>\n<script type=\"application\/ld+json\" class=\"yoast-schema-graph\">{\"@context\":\"https:\/\/schema.org\",\"@graph\":[{\"@type\":\"WebPage\",\"@id\":\"https:\/\/www.technoms.com\/index.php\/ms-102\/\",\"url\":\"https:\/\/www.technoms.com\/index.php\/ms-102\/\",\"name\":\"ms-102 - Accompagnement sur les Technologies Microsoft\",\"isPartOf\":{\"@id\":\"https:\/\/www.technoms.com\/#website\"},\"datePublished\":\"2025-07-19T14:56:42+00:00\",\"dateModified\":\"2025-07-19T15:33:03+00:00\",\"breadcrumb\":{\"@id\":\"https:\/\/www.technoms.com\/index.php\/ms-102\/#breadcrumb\"},\"inLanguage\":\"fr-FR\",\"potentialAction\":[{\"@type\":\"ReadAction\",\"target\":[\"https:\/\/www.technoms.com\/index.php\/ms-102\/\"]}]},{\"@type\":\"BreadcrumbList\",\"@id\":\"https:\/\/www.technoms.com\/index.php\/ms-102\/#breadcrumb\",\"itemListElement\":[{\"@type\":\"ListItem\",\"position\":1,\"name\":\"Accueil\",\"item\":\"https:\/\/www.technoms.com\/\"},{\"@type\":\"ListItem\",\"position\":2,\"name\":\"ms-102\"}]},{\"@type\":\"WebSite\",\"@id\":\"https:\/\/www.technoms.com\/#website\",\"url\":\"https:\/\/www.technoms.com\/\",\"name\":\"Accompagnement sur les Technologies Microsoft\",\"description\":\"30 ans d\u2019exp\u00e9rience \u00e0 votre service\",\"publisher\":{\"@id\":\"https:\/\/www.technoms.com\/#organization\"},\"alternateName\":\"Technoms.com\",\"potentialAction\":[{\"@type\":\"SearchAction\",\"target\":{\"@type\":\"EntryPoint\",\"urlTemplate\":\"https:\/\/www.technoms.com\/?s={search_term_string}\"},\"query-input\":{\"@type\":\"PropertyValueSpecification\",\"valueRequired\":true,\"valueName\":\"search_term_string\"}}],\"inLanguage\":\"fr-FR\"},{\"@type\":\"Organization\",\"@id\":\"https:\/\/www.technoms.com\/#organization\",\"name\":\"Technoms.com\",\"url\":\"https:\/\/www.technoms.com\/\",\"logo\":{\"@type\":\"ImageObject\",\"inLanguage\":\"fr-FR\",\"@id\":\"https:\/\/www.technoms.com\/#\/schema\/logo\/image\/\",\"url\":\"https:\/\/www.technoms.com\/wp-content\/uploads\/2025\/06\/LogoCarre.png\",\"contentUrl\":\"https:\/\/www.technoms.com\/wp-content\/uploads\/2025\/06\/LogoCarre.png\",\"width\":122,\"height\":98,\"caption\":\"Technoms.com\"},\"image\":{\"@id\":\"https:\/\/www.technoms.com\/#\/schema\/logo\/image\/\"},\"sameAs\":[\"https:\/\/www.linkedin.com\/in\/florentdupont38\/\"]}]}<\/script>\n<!-- \/ Yoast SEO plugin. -->","yoast_head_json":{"title":"ms-102 - Accompagnement sur les Technologies Microsoft","robots":{"index":"index","follow":"follow","max-snippet":"max-snippet:-1","max-image-preview":"max-image-preview:large","max-video-preview":"max-video-preview:-1"},"canonical":"https:\/\/www.technoms.com\/index.php\/ms-102\/","og_locale":"fr_FR","og_type":"article","og_title":"ms-102 - Accompagnement sur les Technologies Microsoft","og_description":"MS-102 &#8211; Administrateur Microsoft 365 Dur\u00e9e :\u00a0 5 jours R\u00e9sum\u00e9 : Cette formation permet aux participants d&rsquo;acqu\u00e9rir les comp\u00e9tences et connaissances n\u00e9cessaires pour utiliser les \u00e9l\u00e9ments cl\u00e9s de l&rsquo;administration de Microsoft 365 : Gestion des identit\u00e9s Microsoft 365, Synchronisation des identit\u00e9s Microsoft 365 configuration des principaux services et S\u00e9curit\u00e9 \/ conformit\u00e9 des donn\u00e9es de Microsoft [&hellip;]","og_url":"https:\/\/www.technoms.com\/index.php\/ms-102\/","og_site_name":"Accompagnement sur les Technologies Microsoft","article_modified_time":"2025-07-19T15:33:03+00:00","og_image":[{"width":1351,"height":1024,"url":"https:\/\/www.technoms.com\/wp-content\/uploads\/2025\/06\/FormationEtAccompagnement2.jpg","type":"image\/jpeg"}],"twitter_card":"summary_large_image","twitter_misc":{"Dur\u00e9e de lecture estim\u00e9e":"3 minutes"},"schema":{"@context":"https:\/\/schema.org","@graph":[{"@type":"WebPage","@id":"https:\/\/www.technoms.com\/index.php\/ms-102\/","url":"https:\/\/www.technoms.com\/index.php\/ms-102\/","name":"ms-102 - Accompagnement sur les Technologies Microsoft","isPartOf":{"@id":"https:\/\/www.technoms.com\/#website"},"datePublished":"2025-07-19T14:56:42+00:00","dateModified":"2025-07-19T15:33:03+00:00","breadcrumb":{"@id":"https:\/\/www.technoms.com\/index.php\/ms-102\/#breadcrumb"},"inLanguage":"fr-FR","potentialAction":[{"@type":"ReadAction","target":["https:\/\/www.technoms.com\/index.php\/ms-102\/"]}]},{"@type":"BreadcrumbList","@id":"https:\/\/www.technoms.com\/index.php\/ms-102\/#breadcrumb","itemListElement":[{"@type":"ListItem","position":1,"name":"Accueil","item":"https:\/\/www.technoms.com\/"},{"@type":"ListItem","position":2,"name":"ms-102"}]},{"@type":"WebSite","@id":"https:\/\/www.technoms.com\/#website","url":"https:\/\/www.technoms.com\/","name":"Accompagnement sur les Technologies Microsoft","description":"30 ans d\u2019exp\u00e9rience \u00e0 votre service","publisher":{"@id":"https:\/\/www.technoms.com\/#organization"},"alternateName":"Technoms.com","potentialAction":[{"@type":"SearchAction","target":{"@type":"EntryPoint","urlTemplate":"https:\/\/www.technoms.com\/?s={search_term_string}"},"query-input":{"@type":"PropertyValueSpecification","valueRequired":true,"valueName":"search_term_string"}}],"inLanguage":"fr-FR"},{"@type":"Organization","@id":"https:\/\/www.technoms.com\/#organization","name":"Technoms.com","url":"https:\/\/www.technoms.com\/","logo":{"@type":"ImageObject","inLanguage":"fr-FR","@id":"https:\/\/www.technoms.com\/#\/schema\/logo\/image\/","url":"https:\/\/www.technoms.com\/wp-content\/uploads\/2025\/06\/LogoCarre.png","contentUrl":"https:\/\/www.technoms.com\/wp-content\/uploads\/2025\/06\/LogoCarre.png","width":122,"height":98,"caption":"Technoms.com"},"image":{"@id":"https:\/\/www.technoms.com\/#\/schema\/logo\/image\/"},"sameAs":["https:\/\/www.linkedin.com\/in\/florentdupont38\/"]}]}},"_links":{"self":[{"href":"https:\/\/www.technoms.com\/index.php\/wp-json\/wp\/v2\/pages\/376","targetHints":{"allow":["GET"]}}],"collection":[{"href":"https:\/\/www.technoms.com\/index.php\/wp-json\/wp\/v2\/pages"}],"about":[{"href":"https:\/\/www.technoms.com\/index.php\/wp-json\/wp\/v2\/types\/page"}],"author":[{"embeddable":true,"href":"https:\/\/www.technoms.com\/index.php\/wp-json\/wp\/v2\/users\/1"}],"replies":[{"embeddable":true,"href":"https:\/\/www.technoms.com\/index.php\/wp-json\/wp\/v2\/comments?post=376"}],"version-history":[{"count":10,"href":"https:\/\/www.technoms.com\/index.php\/wp-json\/wp\/v2\/pages\/376\/revisions"}],"predecessor-version":[{"id":400,"href":"https:\/\/www.technoms.com\/index.php\/wp-json\/wp\/v2\/pages\/376\/revisions\/400"}],"wp:attachment":[{"href":"https:\/\/www.technoms.com\/index.php\/wp-json\/wp\/v2\/media?parent=376"}],"curies":[{"name":"wp","href":"https:\/\/api.w.org\/{rel}","templated":true}]}}