{"id":463,"date":"2025-11-06T16:34:26","date_gmt":"2025-11-06T15:34:26","guid":{"rendered":"https:\/\/www.technoms.com\/?page_id=463"},"modified":"2025-11-06T17:17:56","modified_gmt":"2025-11-06T16:17:56","slug":"elementor-463","status":"publish","type":"page","link":"https:\/\/www.technoms.com\/index.php\/elementor-463\/","title":{"rendered":"AZ-104"},"content":{"rendered":"\t\t<div data-elementor-type=\"wp-page\" data-elementor-id=\"463\" class=\"elementor elementor-463\">\n\t\t\t\t<div class=\"elementor-element elementor-element-7281d94a e-flex e-con-boxed e-con e-parent\" data-id=\"7281d94a\" data-element_type=\"container\">\n\t\t\t\t\t<div class=\"e-con-inner\">\n\t\t\t\t<div class=\"elementor-element elementor-element-6b911247 elementor-widget elementor-widget-heading\" data-id=\"6b911247\" data-element_type=\"widget\" data-widget_type=\"heading.default\">\n\t\t\t\t\t<h2 class=\"elementor-heading-title elementor-size-default\">AZ-104 Administrateur Azure<\/h2>\t\t\t\t<\/div>\n\t\t\t\t\t<\/div>\n\t\t\t\t<\/div>\n\t\t<div class=\"elementor-element elementor-element-2184a309 e-flex e-con-boxed e-con e-parent\" data-id=\"2184a309\" data-element_type=\"container\">\n\t\t\t\t\t<div class=\"e-con-inner\">\n\t\t\t\t<div class=\"elementor-element elementor-element-36846239 elementor-widget elementor-widget-text-editor\" data-id=\"36846239\" data-element_type=\"widget\" data-widget_type=\"text-editor.default\">\n\t\t\t\t\t\t\t\t\t<h1>Dur\u00e9e :\u00a0<\/h1><p>4 jours<\/p><h1>R\u00e9sum\u00e9 :<\/h1><p>Cette formation enseigne aux professionnels de l\u2019informatique comment g\u00e9rer leurs abonnements Azure, comment s\u00e9curiser les identit\u00e9s, comment administrer l\u2019infrastructure, comment configurer la mise en r\u00e9seau virtuelle, comment connecter Azure \u00e0 leurs sites, comment g\u00e9rer le trafic r\u00e9seau, comment mettre en \u0153uvre des solutions de stockage, comment cr\u00e9er et mettre en oeuvre des machines virtuelles Scale Sets, comment mettre en \u0153uvre des applications Web et des conteneurs, comment mettre en place une solution de protection des donn\u00e9es et comment mettre en place une solution de surveillance.<\/p><p>Ce cours permet \u00e9galement de pr\u00e9parer la certification <strong><a href=\"https:\/\/learn.microsoft.com\/fr-fr\/credentials\/certifications\/azure-administrator\/\" data-linktype=\"absolute-path\">AZ-104 : Microsoft Certified : Azure Administrator Associate<\/a><\/strong><\/p><h1>Public vis\u00e9 :<\/h1><p>Cette formation est destin\u00e9e aux Administrateurs Azure ou toute autre personne d\u00e9sireuse d&rsquo;acqu\u00e9rir des comp\u00e9tences dans l&rsquo;administrations des services Azure.<\/p><h1>Contenu :<\/h1><p>Ce cours couvre les \u00e9l\u00e9ments cl\u00e9s suivants de l\u2019administration d&rsquo;Azure :<\/p><ul><li>Pr\u00e9requis pour les administrateurs Azure<ul><li>Pr\u00e9sentation d\u2019Azure Cloud Shell<\/li><li>Introduction \u00e0 PowerShell<\/li><li>D\u00e9ployer l\u2019infrastructure Azure en utilisant des mod\u00e8les ARM JSON<\/li><\/ul><\/li><li>G\u00e9rer les identit\u00e9s et la gouvernance dans Azure<ul><li>Comprendre Microsoft Entra ID<\/li><li>Cr\u00e9er, configurer et g\u00e9rer des identit\u00e9s<\/li><li>D\u00e9crire les principaux composants architecturaux d\u2019Azure<\/li><li>Azure Policy initiatives<\/li><li>S\u00e9curiser vos ressources Azure avec le contr\u00f4le d\u2019acc\u00e8s en fonction du r\u00f4le Azure (Azure RBAC)<\/li><li>Autoriser les utilisateurs \u00e0 r\u00e9initialiser leur mot de passe avec la r\u00e9initialisation de mot de passe en libre-service Microsoft Entra<\/li><\/ul><\/li><li>Configurer et g\u00e9rer des r\u00e9seaux virtuels pour les administrateurs Azure<ul><li>Configurer des r\u00e9seaux virtuels<\/li><li>Configurer des groupes de s\u00e9curit\u00e9 r\u00e9seau<\/li><li>H\u00e9berger votre domaine sur Azure DNS<\/li><li>Configurer un peering de r\u00e9seaux virtuels Azure<\/li><li>G\u00e9rer et contr\u00f4ler le flux de trafic dans votre d\u00e9ploiement Azure \u00e0 l\u2019aide de routes<\/li><li>Introduction \u00e0 Azure Load Balancer<\/li><li>Introduction \u00e0 Azure Application Gateway<\/li><li>Introduction \u00e0 Azure Network Watcher<\/li><\/ul><\/li><li>Impl\u00e9menter et g\u00e9rer le stockage dans Azure<ul><li>Configurer des comptes de stockage<\/li><li>Configurer Stockage Blob Azure<\/li><li>Configurer la s\u00e9curit\u00e9 du Stockage Azure<\/li><li>Configurer Azure Files<\/li><\/ul><\/li><li>D\u00e9ployer et g\u00e9rer les ressources de calcul Azure<ul><li>Pr\u00e9sentation des machines virtuelles Azure<\/li><li>Configurer la disponibilit\u00e9 des machines virtuelles<\/li><li>Configurer des plans Azure App Service<\/li><li>Configurer Azure App Service<\/li><li>Configurer Azure Container Instances<\/li><\/ul><\/li><li>Superviser et sauvegarder les ressources Azure<ul><li>Pr\u00e9sentation d\u2019Azure Backup<\/li><li>Prot\u00e9ger vos machines virtuelles en utilisant Sauvegarde Azure<\/li><\/ul><\/li><\/ul><h1>Pr\u00e9-requis :<\/h1><p>Pour assister \u00e0 cette formation, il est recommand\u00e9 de poss\u00e9der :<\/p><ul><li>Une compr\u00e9hension des technologies de virtualisation sur site (VM, r\u00e9seau virtuel, disque viruel)<\/li><li>Une compr\u00e9hension de la configuration des r\u00e9seau, y compris TCP\/IP, DNS, VPN, Technologies de pare-feu ainsi que les technologies de cryptage<\/li><li>Une compr\u00e9hension des concepts de Active Directory<\/li><li>Une compr\u00e9hension de la r\u00e9silience et la reprise apr\u00e8s sinistre, y compris les op\u00e9rations de sauvegarde et de restauration.<\/li><\/ul>\t\t\t\t\t\t\t\t<\/div>\n\t\t\t\t\t<\/div>\n\t\t\t\t<\/div>\n\t\t\t\t<\/div>\n\t\t","protected":false},"excerpt":{"rendered":"<p>AZ-104 Administrateur Azure Dur\u00e9e :\u00a0 4 jours R\u00e9sum\u00e9 : Cette formation enseigne aux professionnels de l\u2019informatique comment g\u00e9rer leurs abonnements Azure, comment s\u00e9curiser les identit\u00e9s, comment administrer l\u2019infrastructure, comment configurer la mise en r\u00e9seau virtuelle, comment connecter Azure \u00e0 leurs sites, comment g\u00e9rer le trafic r\u00e9seau, comment mettre en \u0153uvre des solutions de stockage, comment [&hellip;]<\/p>\n","protected":false},"author":1,"featured_media":0,"parent":0,"menu_order":0,"comment_status":"closed","ping_status":"closed","template":"","meta":{"footnotes":""},"class_list":["post-463","page","type-page","status-publish","hentry","entry"],"yoast_head":"<!-- This site is optimized with the Yoast SEO plugin v26.3 - https:\/\/yoast.com\/wordpress\/plugins\/seo\/ -->\n<title>AZ-104 - Accompagnement sur les Technologies Microsoft<\/title>\n<meta name=\"robots\" content=\"index, follow, max-snippet:-1, max-image-preview:large, max-video-preview:-1\" \/>\n<link rel=\"canonical\" href=\"https:\/\/www.technoms.com\/index.php\/elementor-463\/\" \/>\n<meta property=\"og:locale\" content=\"fr_FR\" \/>\n<meta property=\"og:type\" content=\"article\" \/>\n<meta property=\"og:title\" content=\"AZ-104 - Accompagnement sur les Technologies Microsoft\" \/>\n<meta property=\"og:description\" content=\"AZ-104 Administrateur Azure Dur\u00e9e :\u00a0 4 jours R\u00e9sum\u00e9 : Cette formation enseigne aux professionnels de l\u2019informatique comment g\u00e9rer leurs abonnements Azure, comment s\u00e9curiser les identit\u00e9s, comment administrer l\u2019infrastructure, comment configurer la mise en r\u00e9seau virtuelle, comment connecter Azure \u00e0 leurs sites, comment g\u00e9rer le trafic r\u00e9seau, comment mettre en \u0153uvre des solutions de stockage, comment [&hellip;]\" \/>\n<meta property=\"og:url\" content=\"https:\/\/www.technoms.com\/index.php\/elementor-463\/\" \/>\n<meta property=\"og:site_name\" content=\"Accompagnement sur les Technologies Microsoft\" \/>\n<meta property=\"article:modified_time\" content=\"2025-11-06T16:17:56+00:00\" \/>\n<meta property=\"og:image\" content=\"https:\/\/www.technoms.com\/wp-content\/uploads\/2025\/06\/FormationEtAccompagnement2.jpg\" \/>\n\t<meta property=\"og:image:width\" content=\"1351\" \/>\n\t<meta property=\"og:image:height\" content=\"1024\" \/>\n\t<meta property=\"og:image:type\" content=\"image\/jpeg\" \/>\n<meta name=\"twitter:card\" content=\"summary_large_image\" \/>\n<meta name=\"twitter:label1\" content=\"Dur\u00e9e de lecture estim\u00e9e\" \/>\n\t<meta name=\"twitter:data1\" content=\"3 minutes\" \/>\n<script type=\"application\/ld+json\" class=\"yoast-schema-graph\">{\"@context\":\"https:\/\/schema.org\",\"@graph\":[{\"@type\":\"WebPage\",\"@id\":\"https:\/\/www.technoms.com\/index.php\/elementor-463\/\",\"url\":\"https:\/\/www.technoms.com\/index.php\/elementor-463\/\",\"name\":\"AZ-104 - Accompagnement sur les Technologies Microsoft\",\"isPartOf\":{\"@id\":\"https:\/\/www.technoms.com\/#website\"},\"datePublished\":\"2025-11-06T15:34:26+00:00\",\"dateModified\":\"2025-11-06T16:17:56+00:00\",\"breadcrumb\":{\"@id\":\"https:\/\/www.technoms.com\/index.php\/elementor-463\/#breadcrumb\"},\"inLanguage\":\"fr-FR\",\"potentialAction\":[{\"@type\":\"ReadAction\",\"target\":[\"https:\/\/www.technoms.com\/index.php\/elementor-463\/\"]}]},{\"@type\":\"BreadcrumbList\",\"@id\":\"https:\/\/www.technoms.com\/index.php\/elementor-463\/#breadcrumb\",\"itemListElement\":[{\"@type\":\"ListItem\",\"position\":1,\"name\":\"Accueil\",\"item\":\"https:\/\/www.technoms.com\/\"},{\"@type\":\"ListItem\",\"position\":2,\"name\":\"AZ-104\"}]},{\"@type\":\"WebSite\",\"@id\":\"https:\/\/www.technoms.com\/#website\",\"url\":\"https:\/\/www.technoms.com\/\",\"name\":\"Accompagnement sur les Technologies Microsoft\",\"description\":\"30 ans d\u2019exp\u00e9rience \u00e0 votre service\",\"publisher\":{\"@id\":\"https:\/\/www.technoms.com\/#organization\"},\"alternateName\":\"Technoms.com\",\"potentialAction\":[{\"@type\":\"SearchAction\",\"target\":{\"@type\":\"EntryPoint\",\"urlTemplate\":\"https:\/\/www.technoms.com\/?s={search_term_string}\"},\"query-input\":{\"@type\":\"PropertyValueSpecification\",\"valueRequired\":true,\"valueName\":\"search_term_string\"}}],\"inLanguage\":\"fr-FR\"},{\"@type\":\"Organization\",\"@id\":\"https:\/\/www.technoms.com\/#organization\",\"name\":\"Technoms.com\",\"url\":\"https:\/\/www.technoms.com\/\",\"logo\":{\"@type\":\"ImageObject\",\"inLanguage\":\"fr-FR\",\"@id\":\"https:\/\/www.technoms.com\/#\/schema\/logo\/image\/\",\"url\":\"https:\/\/www.technoms.com\/wp-content\/uploads\/2025\/06\/LogoCarre.png\",\"contentUrl\":\"https:\/\/www.technoms.com\/wp-content\/uploads\/2025\/06\/LogoCarre.png\",\"width\":122,\"height\":98,\"caption\":\"Technoms.com\"},\"image\":{\"@id\":\"https:\/\/www.technoms.com\/#\/schema\/logo\/image\/\"},\"sameAs\":[\"https:\/\/www.linkedin.com\/in\/florentdupont38\/\"]}]}<\/script>\n<!-- \/ Yoast SEO plugin. -->","yoast_head_json":{"title":"AZ-104 - Accompagnement sur les Technologies Microsoft","robots":{"index":"index","follow":"follow","max-snippet":"max-snippet:-1","max-image-preview":"max-image-preview:large","max-video-preview":"max-video-preview:-1"},"canonical":"https:\/\/www.technoms.com\/index.php\/elementor-463\/","og_locale":"fr_FR","og_type":"article","og_title":"AZ-104 - Accompagnement sur les Technologies Microsoft","og_description":"AZ-104 Administrateur Azure Dur\u00e9e :\u00a0 4 jours R\u00e9sum\u00e9 : Cette formation enseigne aux professionnels de l\u2019informatique comment g\u00e9rer leurs abonnements Azure, comment s\u00e9curiser les identit\u00e9s, comment administrer l\u2019infrastructure, comment configurer la mise en r\u00e9seau virtuelle, comment connecter Azure \u00e0 leurs sites, comment g\u00e9rer le trafic r\u00e9seau, comment mettre en \u0153uvre des solutions de stockage, comment [&hellip;]","og_url":"https:\/\/www.technoms.com\/index.php\/elementor-463\/","og_site_name":"Accompagnement sur les Technologies Microsoft","article_modified_time":"2025-11-06T16:17:56+00:00","og_image":[{"width":1351,"height":1024,"url":"https:\/\/www.technoms.com\/wp-content\/uploads\/2025\/06\/FormationEtAccompagnement2.jpg","type":"image\/jpeg"}],"twitter_card":"summary_large_image","twitter_misc":{"Dur\u00e9e de lecture estim\u00e9e":"3 minutes"},"schema":{"@context":"https:\/\/schema.org","@graph":[{"@type":"WebPage","@id":"https:\/\/www.technoms.com\/index.php\/elementor-463\/","url":"https:\/\/www.technoms.com\/index.php\/elementor-463\/","name":"AZ-104 - Accompagnement sur les Technologies Microsoft","isPartOf":{"@id":"https:\/\/www.technoms.com\/#website"},"datePublished":"2025-11-06T15:34:26+00:00","dateModified":"2025-11-06T16:17:56+00:00","breadcrumb":{"@id":"https:\/\/www.technoms.com\/index.php\/elementor-463\/#breadcrumb"},"inLanguage":"fr-FR","potentialAction":[{"@type":"ReadAction","target":["https:\/\/www.technoms.com\/index.php\/elementor-463\/"]}]},{"@type":"BreadcrumbList","@id":"https:\/\/www.technoms.com\/index.php\/elementor-463\/#breadcrumb","itemListElement":[{"@type":"ListItem","position":1,"name":"Accueil","item":"https:\/\/www.technoms.com\/"},{"@type":"ListItem","position":2,"name":"AZ-104"}]},{"@type":"WebSite","@id":"https:\/\/www.technoms.com\/#website","url":"https:\/\/www.technoms.com\/","name":"Accompagnement sur les Technologies Microsoft","description":"30 ans d\u2019exp\u00e9rience \u00e0 votre service","publisher":{"@id":"https:\/\/www.technoms.com\/#organization"},"alternateName":"Technoms.com","potentialAction":[{"@type":"SearchAction","target":{"@type":"EntryPoint","urlTemplate":"https:\/\/www.technoms.com\/?s={search_term_string}"},"query-input":{"@type":"PropertyValueSpecification","valueRequired":true,"valueName":"search_term_string"}}],"inLanguage":"fr-FR"},{"@type":"Organization","@id":"https:\/\/www.technoms.com\/#organization","name":"Technoms.com","url":"https:\/\/www.technoms.com\/","logo":{"@type":"ImageObject","inLanguage":"fr-FR","@id":"https:\/\/www.technoms.com\/#\/schema\/logo\/image\/","url":"https:\/\/www.technoms.com\/wp-content\/uploads\/2025\/06\/LogoCarre.png","contentUrl":"https:\/\/www.technoms.com\/wp-content\/uploads\/2025\/06\/LogoCarre.png","width":122,"height":98,"caption":"Technoms.com"},"image":{"@id":"https:\/\/www.technoms.com\/#\/schema\/logo\/image\/"},"sameAs":["https:\/\/www.linkedin.com\/in\/florentdupont38\/"]}]}},"_links":{"self":[{"href":"https:\/\/www.technoms.com\/index.php\/wp-json\/wp\/v2\/pages\/463","targetHints":{"allow":["GET"]}}],"collection":[{"href":"https:\/\/www.technoms.com\/index.php\/wp-json\/wp\/v2\/pages"}],"about":[{"href":"https:\/\/www.technoms.com\/index.php\/wp-json\/wp\/v2\/types\/page"}],"author":[{"embeddable":true,"href":"https:\/\/www.technoms.com\/index.php\/wp-json\/wp\/v2\/users\/1"}],"replies":[{"embeddable":true,"href":"https:\/\/www.technoms.com\/index.php\/wp-json\/wp\/v2\/comments?post=463"}],"version-history":[{"count":16,"href":"https:\/\/www.technoms.com\/index.php\/wp-json\/wp\/v2\/pages\/463\/revisions"}],"predecessor-version":[{"id":490,"href":"https:\/\/www.technoms.com\/index.php\/wp-json\/wp\/v2\/pages\/463\/revisions\/490"}],"wp:attachment":[{"href":"https:\/\/www.technoms.com\/index.php\/wp-json\/wp\/v2\/media?parent=463"}],"curies":[{"name":"wp","href":"https:\/\/api.w.org\/{rel}","templated":true}]}}