{"id":485,"date":"2025-11-06T17:11:18","date_gmt":"2025-11-06T16:11:18","guid":{"rendered":"https:\/\/www.technoms.com\/?page_id=485"},"modified":"2025-11-06T17:31:42","modified_gmt":"2025-11-06T16:31:42","slug":"az-500","status":"publish","type":"page","link":"https:\/\/www.technoms.com\/index.php\/az-500\/","title":{"rendered":"AZ-500"},"content":{"rendered":"\t\t<div data-elementor-type=\"wp-page\" data-elementor-id=\"485\" class=\"elementor elementor-485\">\n\t\t\t\t<div class=\"elementor-element elementor-element-2bf9e0ed e-flex e-con-boxed e-con e-parent\" data-id=\"2bf9e0ed\" data-element_type=\"container\">\n\t\t\t\t\t<div class=\"e-con-inner\">\n\t\t\t\t<div class=\"elementor-element elementor-element-1ee3d579 elementor-widget elementor-widget-heading\" data-id=\"1ee3d579\" data-element_type=\"widget\" data-widget_type=\"heading.default\">\n\t\t\t\t\t<h2 class=\"elementor-heading-title elementor-size-default\">AZ-500 S\u00e9curiser les ressources cloud avec les technologies de s\u00e9curit\u00e9 Microsoft<\/h2>\t\t\t\t<\/div>\n\t\t\t\t\t<\/div>\n\t\t\t\t<\/div>\n\t\t<div class=\"elementor-element elementor-element-2617a537 e-flex e-con-boxed e-con e-parent\" data-id=\"2617a537\" data-element_type=\"container\">\n\t\t\t\t\t<div class=\"e-con-inner\">\n\t\t\t\t<div class=\"elementor-element elementor-element-3eb32a48 elementor-widget elementor-widget-text-editor\" data-id=\"3eb32a48\" data-element_type=\"widget\" data-widget_type=\"text-editor.default\">\n\t\t\t\t\t\t\t\t\t<h1>Dur\u00e9e :\u00a0<\/h1><p>4 jours<\/p><h1>R\u00e9sum\u00e9 :<\/h1><p>Ce cours fournit aux professionnels de la s\u00e9curit\u00e9 informatique les connaissances et les comp\u00e9tences n\u00e9cessaires afin de mettre en \u0153uvre des contr\u00f4les de s\u00e9curit\u00e9, de maintenir la posture de s\u00e9curit\u00e9 d\u2019une organisation, et d\u2019identifier et de rem\u00e9dier aux vuln\u00e9rabilit\u00e9s en mati\u00e8re de s\u00e9curit\u00e9. Ce cours inclut la s\u00e9curit\u00e9 pour l\u2019identit\u00e9 et l\u2019acc\u00e8s, la protection de la plateforme, les donn\u00e9es et les applications et les op\u00e9rations de s\u00e9curit\u00e9.<\/p><p>Ce cours permet \u00e9galement de pr\u00e9parer la certification <strong><a href=\"https:\/\/learn.microsoft.com\/fr-fr\/credentials\/certifications\/azure-security-engineer\/\">AZ-500 : Certifi\u00e9 Microsoft : Associ\u00e9 Ing\u00e9nieur en S\u00e9curit\u00e9 Azure<\/a><\/strong><\/p><h1>Public vis\u00e9 :<\/h1><p>Ce cours est destin\u00e9 aux ing\u00e9nieurs de s\u00e9curit\u00e9 Azure qui pr\u00e9voient de passer l\u2019examen de la certification associ\u00e9e ou qui exercent des t\u00e2ches de s\u00e9curit\u00e9 dans le cadre de leur travail. Ce cours serait \u00e9galement utile aux ing\u00e9nieurs qui souhaitent se sp\u00e9cialiser dans la prestation de s\u00e9curit\u00e9 pour les plateformes num\u00e9riques bas\u00e9es sur Azure et jouer un r\u00f4le int\u00e9gral dans la protection des donn\u00e9es d\u2019une organisation.<\/p><h1>Contenu :<\/h1><p>Ce cours couvre les \u00e9l\u00e9ments cl\u00e9s suivants dans le domaine de la s\u00e9curisation des ressources Azure en reposant sur les technologies de s\u00e9curit\u00e9 Microsoft :<\/p><ul><li>S\u00e9curiser l\u2019identit\u00e9 et l\u2019acc\u00e8s<ul><li>G\u00e9rer les contr\u00f4les de s\u00e9curit\u00e9 pour l\u2019identit\u00e9 et l\u2019acc\u00e8s<\/li><li>G\u00e9rer l\u2019acc\u00e8s aux applications Microsoft Entra<\/li><\/ul><\/li><li>Mise en r\u00e9seau s\u00e9curis\u00e9e<ul><li>Planifier et impl\u00e9menter la s\u00e9curit\u00e9 pour les r\u00e9seaux virtuels<\/li><li>Planifier et impl\u00e9menter la s\u00e9curit\u00e9 pour l\u2019acc\u00e8s priv\u00e9 aux ressources Azure<\/li><li>Planifier et impl\u00e9menter la s\u00e9curit\u00e9 pour l\u2019acc\u00e8s public aux ressources Azure<\/li><\/ul><\/li><li>S\u00e9curiser le calcul, le stockage et les bases de donn\u00e9es<ul><li>Planifier et impl\u00e9menter une s\u00e9curit\u00e9 avanc\u00e9e pour le calcul<\/li><li>Planifier et impl\u00e9menter la s\u00e9curit\u00e9 pour le stockage<\/li><li>Planifier et impl\u00e9menter la s\u00e9curit\u00e9 pour Azure SQL Database et Azure SQL Managed Instance<\/li><\/ul><\/li><li>S\u00e9curiser Azure \u00e0 l\u2019aide de Microsoft Defender pour cloud et de Microsoft Sentinel<ul><li>Impl\u00e9menter et g\u00e9rer l\u2019application des strat\u00e9gies de gouvernance cloud<\/li><li>G\u00e9rer la posture de s\u00e9curit\u00e9 \u00e0 l\u2019aide de Microsoft Defender pour cloud<\/li><li>Configurer et g\u00e9rer la protection contre les menaces \u00e0 l\u2019aide de Microsoft Defender pour cloud<\/li><li>Configurer et g\u00e9rer des solutions de supervision et d\u2019automatisation de la s\u00e9curit\u00e9<\/li><\/ul><\/li><\/ul><h1>Pr\u00e9-requis :<\/h1><p>Il est recommand\u00e9 que les participants soient certifi\u00e9s Microsoft Azure Administrator Associate ou poss\u00e8dent les connaissances \u00e9quivalentes.<\/p><p>La connaissance des diff\u00e9rentes charges de travail Azure ainsi que des notions de s\u00e9curit\u00e9 applicables \u00e0 ces charges est recommand\u00e9es.<\/p>\t\t\t\t\t\t\t\t<\/div>\n\t\t\t\t\t<\/div>\n\t\t\t\t<\/div>\n\t\t\t\t<\/div>\n\t\t","protected":false},"excerpt":{"rendered":"<p>AZ-500 S\u00e9curiser les ressources cloud avec les technologies de s\u00e9curit\u00e9 Microsoft Dur\u00e9e :\u00a0 4 jours R\u00e9sum\u00e9 : Ce cours fournit aux professionnels de la s\u00e9curit\u00e9 informatique les connaissances et les comp\u00e9tences n\u00e9cessaires afin de mettre en \u0153uvre des contr\u00f4les de s\u00e9curit\u00e9, de maintenir la posture de s\u00e9curit\u00e9 d\u2019une organisation, et d\u2019identifier et de rem\u00e9dier aux [&hellip;]<\/p>\n","protected":false},"author":1,"featured_media":0,"parent":0,"menu_order":0,"comment_status":"closed","ping_status":"closed","template":"","meta":{"footnotes":""},"class_list":["post-485","page","type-page","status-publish","hentry","entry"],"yoast_head":"<!-- This site is optimized with the Yoast SEO plugin v26.3 - https:\/\/yoast.com\/wordpress\/plugins\/seo\/ -->\n<title>AZ-500 - Accompagnement sur les Technologies Microsoft<\/title>\n<meta name=\"robots\" content=\"index, follow, max-snippet:-1, max-image-preview:large, max-video-preview:-1\" \/>\n<link rel=\"canonical\" href=\"https:\/\/www.technoms.com\/index.php\/az-500\/\" \/>\n<meta property=\"og:locale\" content=\"fr_FR\" \/>\n<meta property=\"og:type\" content=\"article\" \/>\n<meta property=\"og:title\" content=\"AZ-500 - Accompagnement sur les Technologies Microsoft\" \/>\n<meta property=\"og:description\" content=\"AZ-500 S\u00e9curiser les ressources cloud avec les technologies de s\u00e9curit\u00e9 Microsoft Dur\u00e9e :\u00a0 4 jours R\u00e9sum\u00e9 : Ce cours fournit aux professionnels de la s\u00e9curit\u00e9 informatique les connaissances et les comp\u00e9tences n\u00e9cessaires afin de mettre en \u0153uvre des contr\u00f4les de s\u00e9curit\u00e9, de maintenir la posture de s\u00e9curit\u00e9 d\u2019une organisation, et d\u2019identifier et de rem\u00e9dier aux [&hellip;]\" \/>\n<meta property=\"og:url\" content=\"https:\/\/www.technoms.com\/index.php\/az-500\/\" \/>\n<meta property=\"og:site_name\" content=\"Accompagnement sur les Technologies Microsoft\" \/>\n<meta property=\"article:modified_time\" content=\"2025-11-06T16:31:42+00:00\" \/>\n<meta property=\"og:image\" content=\"https:\/\/www.technoms.com\/wp-content\/uploads\/2025\/06\/FormationEtAccompagnement2.jpg\" \/>\n\t<meta property=\"og:image:width\" content=\"1351\" \/>\n\t<meta property=\"og:image:height\" content=\"1024\" \/>\n\t<meta property=\"og:image:type\" content=\"image\/jpeg\" \/>\n<meta name=\"twitter:card\" content=\"summary_large_image\" \/>\n<meta name=\"twitter:label1\" content=\"Dur\u00e9e de lecture estim\u00e9e\" \/>\n\t<meta name=\"twitter:data1\" content=\"2 minutes\" \/>\n<script type=\"application\/ld+json\" class=\"yoast-schema-graph\">{\"@context\":\"https:\/\/schema.org\",\"@graph\":[{\"@type\":\"WebPage\",\"@id\":\"https:\/\/www.technoms.com\/index.php\/az-500\/\",\"url\":\"https:\/\/www.technoms.com\/index.php\/az-500\/\",\"name\":\"AZ-500 - Accompagnement sur les Technologies Microsoft\",\"isPartOf\":{\"@id\":\"https:\/\/www.technoms.com\/#website\"},\"datePublished\":\"2025-11-06T16:11:18+00:00\",\"dateModified\":\"2025-11-06T16:31:42+00:00\",\"breadcrumb\":{\"@id\":\"https:\/\/www.technoms.com\/index.php\/az-500\/#breadcrumb\"},\"inLanguage\":\"fr-FR\",\"potentialAction\":[{\"@type\":\"ReadAction\",\"target\":[\"https:\/\/www.technoms.com\/index.php\/az-500\/\"]}]},{\"@type\":\"BreadcrumbList\",\"@id\":\"https:\/\/www.technoms.com\/index.php\/az-500\/#breadcrumb\",\"itemListElement\":[{\"@type\":\"ListItem\",\"position\":1,\"name\":\"Accueil\",\"item\":\"https:\/\/www.technoms.com\/\"},{\"@type\":\"ListItem\",\"position\":2,\"name\":\"AZ-500\"}]},{\"@type\":\"WebSite\",\"@id\":\"https:\/\/www.technoms.com\/#website\",\"url\":\"https:\/\/www.technoms.com\/\",\"name\":\"Accompagnement sur les Technologies Microsoft\",\"description\":\"30 ans d\u2019exp\u00e9rience \u00e0 votre service\",\"publisher\":{\"@id\":\"https:\/\/www.technoms.com\/#organization\"},\"alternateName\":\"Technoms.com\",\"potentialAction\":[{\"@type\":\"SearchAction\",\"target\":{\"@type\":\"EntryPoint\",\"urlTemplate\":\"https:\/\/www.technoms.com\/?s={search_term_string}\"},\"query-input\":{\"@type\":\"PropertyValueSpecification\",\"valueRequired\":true,\"valueName\":\"search_term_string\"}}],\"inLanguage\":\"fr-FR\"},{\"@type\":\"Organization\",\"@id\":\"https:\/\/www.technoms.com\/#organization\",\"name\":\"Technoms.com\",\"url\":\"https:\/\/www.technoms.com\/\",\"logo\":{\"@type\":\"ImageObject\",\"inLanguage\":\"fr-FR\",\"@id\":\"https:\/\/www.technoms.com\/#\/schema\/logo\/image\/\",\"url\":\"https:\/\/www.technoms.com\/wp-content\/uploads\/2025\/06\/LogoCarre.png\",\"contentUrl\":\"https:\/\/www.technoms.com\/wp-content\/uploads\/2025\/06\/LogoCarre.png\",\"width\":122,\"height\":98,\"caption\":\"Technoms.com\"},\"image\":{\"@id\":\"https:\/\/www.technoms.com\/#\/schema\/logo\/image\/\"},\"sameAs\":[\"https:\/\/www.linkedin.com\/in\/florentdupont38\/\"]}]}<\/script>\n<!-- \/ Yoast SEO plugin. -->","yoast_head_json":{"title":"AZ-500 - Accompagnement sur les Technologies Microsoft","robots":{"index":"index","follow":"follow","max-snippet":"max-snippet:-1","max-image-preview":"max-image-preview:large","max-video-preview":"max-video-preview:-1"},"canonical":"https:\/\/www.technoms.com\/index.php\/az-500\/","og_locale":"fr_FR","og_type":"article","og_title":"AZ-500 - Accompagnement sur les Technologies Microsoft","og_description":"AZ-500 S\u00e9curiser les ressources cloud avec les technologies de s\u00e9curit\u00e9 Microsoft Dur\u00e9e :\u00a0 4 jours R\u00e9sum\u00e9 : Ce cours fournit aux professionnels de la s\u00e9curit\u00e9 informatique les connaissances et les comp\u00e9tences n\u00e9cessaires afin de mettre en \u0153uvre des contr\u00f4les de s\u00e9curit\u00e9, de maintenir la posture de s\u00e9curit\u00e9 d\u2019une organisation, et d\u2019identifier et de rem\u00e9dier aux [&hellip;]","og_url":"https:\/\/www.technoms.com\/index.php\/az-500\/","og_site_name":"Accompagnement sur les Technologies Microsoft","article_modified_time":"2025-11-06T16:31:42+00:00","og_image":[{"width":1351,"height":1024,"url":"https:\/\/www.technoms.com\/wp-content\/uploads\/2025\/06\/FormationEtAccompagnement2.jpg","type":"image\/jpeg"}],"twitter_card":"summary_large_image","twitter_misc":{"Dur\u00e9e de lecture estim\u00e9e":"2 minutes"},"schema":{"@context":"https:\/\/schema.org","@graph":[{"@type":"WebPage","@id":"https:\/\/www.technoms.com\/index.php\/az-500\/","url":"https:\/\/www.technoms.com\/index.php\/az-500\/","name":"AZ-500 - Accompagnement sur les Technologies Microsoft","isPartOf":{"@id":"https:\/\/www.technoms.com\/#website"},"datePublished":"2025-11-06T16:11:18+00:00","dateModified":"2025-11-06T16:31:42+00:00","breadcrumb":{"@id":"https:\/\/www.technoms.com\/index.php\/az-500\/#breadcrumb"},"inLanguage":"fr-FR","potentialAction":[{"@type":"ReadAction","target":["https:\/\/www.technoms.com\/index.php\/az-500\/"]}]},{"@type":"BreadcrumbList","@id":"https:\/\/www.technoms.com\/index.php\/az-500\/#breadcrumb","itemListElement":[{"@type":"ListItem","position":1,"name":"Accueil","item":"https:\/\/www.technoms.com\/"},{"@type":"ListItem","position":2,"name":"AZ-500"}]},{"@type":"WebSite","@id":"https:\/\/www.technoms.com\/#website","url":"https:\/\/www.technoms.com\/","name":"Accompagnement sur les Technologies Microsoft","description":"30 ans d\u2019exp\u00e9rience \u00e0 votre service","publisher":{"@id":"https:\/\/www.technoms.com\/#organization"},"alternateName":"Technoms.com","potentialAction":[{"@type":"SearchAction","target":{"@type":"EntryPoint","urlTemplate":"https:\/\/www.technoms.com\/?s={search_term_string}"},"query-input":{"@type":"PropertyValueSpecification","valueRequired":true,"valueName":"search_term_string"}}],"inLanguage":"fr-FR"},{"@type":"Organization","@id":"https:\/\/www.technoms.com\/#organization","name":"Technoms.com","url":"https:\/\/www.technoms.com\/","logo":{"@type":"ImageObject","inLanguage":"fr-FR","@id":"https:\/\/www.technoms.com\/#\/schema\/logo\/image\/","url":"https:\/\/www.technoms.com\/wp-content\/uploads\/2025\/06\/LogoCarre.png","contentUrl":"https:\/\/www.technoms.com\/wp-content\/uploads\/2025\/06\/LogoCarre.png","width":122,"height":98,"caption":"Technoms.com"},"image":{"@id":"https:\/\/www.technoms.com\/#\/schema\/logo\/image\/"},"sameAs":["https:\/\/www.linkedin.com\/in\/florentdupont38\/"]}]}},"_links":{"self":[{"href":"https:\/\/www.technoms.com\/index.php\/wp-json\/wp\/v2\/pages\/485","targetHints":{"allow":["GET"]}}],"collection":[{"href":"https:\/\/www.technoms.com\/index.php\/wp-json\/wp\/v2\/pages"}],"about":[{"href":"https:\/\/www.technoms.com\/index.php\/wp-json\/wp\/v2\/types\/page"}],"author":[{"embeddable":true,"href":"https:\/\/www.technoms.com\/index.php\/wp-json\/wp\/v2\/users\/1"}],"replies":[{"embeddable":true,"href":"https:\/\/www.technoms.com\/index.php\/wp-json\/wp\/v2\/comments?post=485"}],"version-history":[{"count":4,"href":"https:\/\/www.technoms.com\/index.php\/wp-json\/wp\/v2\/pages\/485\/revisions"}],"predecessor-version":[{"id":497,"href":"https:\/\/www.technoms.com\/index.php\/wp-json\/wp\/v2\/pages\/485\/revisions\/497"}],"wp:attachment":[{"href":"https:\/\/www.technoms.com\/index.php\/wp-json\/wp\/v2\/media?parent=485"}],"curies":[{"name":"wp","href":"https:\/\/api.w.org\/{rel}","templated":true}]}}